{"id":7289,"date":"2019-07-11T13:57:54","date_gmt":"2019-07-11T13:57:54","guid":{"rendered":"http:\/\/www.3p-gmbh.de\/produkt\/klopfer-doppelkopf-drahtheftmaschine\/"},"modified":"2019-08-08T14:38:15","modified_gmt":"2019-08-08T14:38:15","slug":"klopfer-doppelkopf-drahtheftmaschine","status":"publish","type":"product","link":"https:\/\/www.3p-gmbh.de\/ar\/produkt\/klopfer-doppelkopf-drahtheftmaschine\/","title":{"rendered":"Hohner Accord 13 Drahtheftmaschine"},"content":{"rendered":"<ul>\n<li>Drahtheftmaschine f\u00fcr Bl\u00f6cke und Brosch\u00fcren mit Normal- oder Ring\u00f6senheftung (Umbaukit Ring\u00f6se nicht im Lieferumfang)<\/li>\n<li>Grundsolide Konstruktion mit hoher Stabilit\u00e4t f\u00fcr saubere Heftungen<\/li>\n<li>Tisch durch Handgriff verstellbar: gerade f\u00fcr Bl\u00f6cke, schr\u00e4g f\u00fcr Brosch\u00fcren<\/li>\n<li>Rollen- und R\u00f6hrendrahtrichter f\u00fcr zuverl\u00e4ssige Heft-Ergebnisse auch bei gr\u00f6sseren Heftst\u00e4rken<\/li>\n<li>Heftst\u00e4rke: 2 Blatt &#8211; 13 mm mit umgelegter Klammer, bis 23 mm beidseitig eingestochen<\/li>\n<li>maximale Heftleistung: 206 Klammern \/ min<\/li>\n<\/ul>\n","protected":false},"excerpt":{"rendered":"<p>Drahtheftmaschine f\u00fcr Bl\u00f6cke und Brosch\u00fcren mit Normal- oder Ring\u00f6senheftung (Umbaukit Ring\u00f6se nicht im Lieferumfang) Grundsolide Konstruktion mit hoher Stabilit\u00e4t f\u00fcr saubere Heftungen Tisch durch Handgriff verstellbar: gerade f\u00fcr Bl\u00f6cke, schr\u00e4g f\u00fcr Brosch\u00fcren Rollen- und R\u00f6hrendrahtrichter f\u00fcr zuverl\u00e4ssige Heft-Ergebnisse auch bei gr\u00f6sseren Heftst\u00e4rken Heftst\u00e4rke: 2 Blatt &#8211; 13 mm mit umgelegter Klammer, bis 23 mm beidseitig [&hellip;]<\/p>\n","protected":false},"featured_media":3066,"template":"","meta":[],"product_brand":[],"product_cat":[86],"product_tag":[],"class_list":{"0":"post-7289","1":"product","2":"type-product","3":"status-publish","4":"has-post-thumbnail","6":"product_cat-sammelhefter","7":"pa_baujahr-150","8":"pa_hersteller-hohner","9":"pa_typ-accord-13","11":"first","12":"instock","13":"sold-individually","14":"taxable","15":"shipping-taxable","16":"purchasable","17":"product-type-simple"},"jetpack_sharing_enabled":true,"_links":{"self":[{"href":"https:\/\/www.3p-gmbh.de\/ar\/wp-json\/wp\/v2\/product\/7289","targetHints":{"allow":["GET"]}}],"collection":[{"href":"https:\/\/www.3p-gmbh.de\/ar\/wp-json\/wp\/v2\/product"}],"about":[{"href":"https:\/\/www.3p-gmbh.de\/ar\/wp-json\/wp\/v2\/types\/product"}],"wp:featuredmedia":[{"embeddable":true,"href":"https:\/\/www.3p-gmbh.de\/ar\/wp-json\/wp\/v2\/media\/3066"}],"wp:attachment":[{"href":"https:\/\/www.3p-gmbh.de\/ar\/wp-json\/wp\/v2\/media?parent=7289"}],"wp:term":[{"taxonomy":"product_brand","embeddable":true,"href":"https:\/\/www.3p-gmbh.de\/ar\/wp-json\/wp\/v2\/product_brand?post=7289"},{"taxonomy":"product_cat","embeddable":true,"href":"https:\/\/www.3p-gmbh.de\/ar\/wp-json\/wp\/v2\/product_cat?post=7289"},{"taxonomy":"product_tag","embeddable":true,"href":"https:\/\/www.3p-gmbh.de\/ar\/wp-json\/wp\/v2\/product_tag?post=7289"}],"curies":[{"name":"wp","href":"https:\/\/api.w.org\/{rel}","templated":true}]}}