{"id":7223,"date":"2019-07-11T13:57:16","date_gmt":"2019-07-11T13:57:16","guid":{"rendered":"http:\/\/www.3p-gmbh.de\/produkt\/palettenheber\/"},"modified":"2019-11-08T09:57:31","modified_gmt":"2019-11-08T09:57:31","slug":"palettenheber","status":"publish","type":"product","link":"https:\/\/www.3p-gmbh.de\/ar\/produkt\/palettenheber\/","title":{"rendered":"Evert Butler 1200 Palettenheber"},"content":{"rendered":"<ul>\n<li>h\u00e4lt Paletten in der optimalen Arbeitsh\u00f6he<\/li>\n<li>Heben und Senken erfolgt \u00fcber Tipptaster<\/li>\n<li>Fahrrollen erm\u00f6glichen einen einfachen Transport zum Arbeitsplatz<\/li>\n<li>Gabell\u00e4nge 1100 mm, geeignet f\u00fcr Standard-Europaletten<\/li>\n<li>Eigengewicht: 330 kg<\/li>\n<li>Tragf\u00e4higkeit: 1200 kg<\/li>\n<li>Hubho\u00f6he: 1000 mm<\/li>\n<li>Stromversorgung: 380 V<\/li>\n<\/ul>\n","protected":false},"excerpt":{"rendered":"<p>h\u00e4lt Paletten in der optimalen Arbeitsh\u00f6he Heben und Senken erfolgt \u00fcber Tipptaster Fahrrollen erm\u00f6glichen einen einfachen Transport zum Arbeitsplatz Gabell\u00e4nge 1100 mm, geeignet f\u00fcr Standard-Europaletten Eigengewicht: 330 kg Tragf\u00e4higkeit: 1200 kg Hubho\u00f6he: 1000 mm Stromversorgung: 380 V<\/p>\n","protected":false},"featured_media":2788,"template":"","meta":[],"product_brand":[],"product_cat":[1761],"product_tag":[],"class_list":{"0":"post-7223","1":"product","2":"type-product","3":"status-publish","4":"has-post-thumbnail","6":"product_cat-stapelheber-stapellifte","7":"pa_baujahr-266","8":"pa_hersteller-evert","9":"pa_typ-butler-1200","11":"first","12":"instock","13":"sold-individually","14":"taxable","15":"shipping-taxable","16":"purchasable","17":"product-type-simple"},"jetpack_sharing_enabled":true,"_links":{"self":[{"href":"https:\/\/www.3p-gmbh.de\/ar\/wp-json\/wp\/v2\/product\/7223","targetHints":{"allow":["GET"]}}],"collection":[{"href":"https:\/\/www.3p-gmbh.de\/ar\/wp-json\/wp\/v2\/product"}],"about":[{"href":"https:\/\/www.3p-gmbh.de\/ar\/wp-json\/wp\/v2\/types\/product"}],"wp:featuredmedia":[{"embeddable":true,"href":"https:\/\/www.3p-gmbh.de\/ar\/wp-json\/wp\/v2\/media\/2788"}],"wp:attachment":[{"href":"https:\/\/www.3p-gmbh.de\/ar\/wp-json\/wp\/v2\/media?parent=7223"}],"wp:term":[{"taxonomy":"product_brand","embeddable":true,"href":"https:\/\/www.3p-gmbh.de\/ar\/wp-json\/wp\/v2\/product_brand?post=7223"},{"taxonomy":"product_cat","embeddable":true,"href":"https:\/\/www.3p-gmbh.de\/ar\/wp-json\/wp\/v2\/product_cat?post=7223"},{"taxonomy":"product_tag","embeddable":true,"href":"https:\/\/www.3p-gmbh.de\/ar\/wp-json\/wp\/v2\/product_tag?post=7223"}],"curies":[{"name":"wp","href":"https:\/\/api.w.org\/{rel}","templated":true}]}}