{"id":7210,"date":"2019-07-11T13:57:16","date_gmt":"2019-07-11T13:57:16","guid":{"rendered":"http:\/\/www.3p-gmbh.de\/produkt\/kalender-bindemaschine\/"},"modified":"2019-08-12T14:45:09","modified_gmt":"2019-08-12T14:45:09","slug":"kalender-bindemaschine","status":"publish","type":"product","link":"https:\/\/www.3p-gmbh.de\/ar\/produkt\/kalender-bindemaschine\/","title":{"rendered":"Renz Autobind 500 Kalenderbindemaschine"},"content":{"rendered":"<ul>\n<li>Spiralisier- und Schliessmaschine mit Aufh\u00e4ngerzuf\u00fchrung und Stanzmaschine Renz Super 700<\/li>\n<li>Industrielle, halbautomatische Hochgeschwindigkeits-Bindemaschine f\u00fcr RENZ RING WIRE\u00ae Block-, Kalender- und Skip-Bindung<\/li>\n<li>Hohe Formatflexibilitaet und Produktivit\u00e4t<\/li>\n<li>Leistung gebundene Exemplare per Stunde max. 1.200 (bei 80 g\/m\u00b2, abh\u00e4ngig von Produkt)<\/li>\n<li>Touchscreen f\u00fcr schnelle Formatumstellung<\/li>\n<li>Bindet bis zu 230 Blatt<\/li>\n<li>Arbeitsbreite 500m<\/li>\n<li>Horizontale Papieranlage f\u00fcr pr\u00e4zises und ergonomisches Arbeiten<\/li>\n<li>Automatischer Bindetisch<\/li>\n<li>KAS Kalenderaufh\u00e4ngersystem<\/li>\n<\/ul>\n","protected":false},"excerpt":{"rendered":"<p>Spiralisier- und Schliessmaschine mit Aufh\u00e4ngerzuf\u00fchrung und Stanzmaschine Renz Super 700 Industrielle, halbautomatische Hochgeschwindigkeits-Bindemaschine f\u00fcr RENZ RING WIRE\u00ae Block-, Kalender- und Skip-Bindung Hohe Formatflexibilitaet und Produktivit\u00e4t Leistung gebundene Exemplare per Stunde max. 1.200 (bei 80 g\/m\u00b2, abh\u00e4ngig von Produkt) Touchscreen f\u00fcr schnelle Formatumstellung Bindet bis zu 230 Blatt Arbeitsbreite 500m Horizontale Papieranlage f\u00fcr pr\u00e4zises und ergonomisches [&hellip;]<\/p>\n","protected":false},"featured_media":2738,"template":"","meta":[],"product_brand":[],"product_cat":[85],"product_tag":[],"class_list":{"0":"post-7210","1":"product","2":"type-product","3":"status-publish","4":"has-post-thumbnail","6":"product_cat-drahtbindemaschinen","7":"pa_baujahr-127","8":"pa_hersteller-renz","9":"pa_typ-autobind-500","11":"first","12":"instock","13":"sold-individually","14":"taxable","15":"shipping-taxable","16":"purchasable","17":"product-type-simple"},"jetpack_sharing_enabled":true,"_links":{"self":[{"href":"https:\/\/www.3p-gmbh.de\/ar\/wp-json\/wp\/v2\/product\/7210","targetHints":{"allow":["GET"]}}],"collection":[{"href":"https:\/\/www.3p-gmbh.de\/ar\/wp-json\/wp\/v2\/product"}],"about":[{"href":"https:\/\/www.3p-gmbh.de\/ar\/wp-json\/wp\/v2\/types\/product"}],"wp:featuredmedia":[{"embeddable":true,"href":"https:\/\/www.3p-gmbh.de\/ar\/wp-json\/wp\/v2\/media\/2738"}],"wp:attachment":[{"href":"https:\/\/www.3p-gmbh.de\/ar\/wp-json\/wp\/v2\/media?parent=7210"}],"wp:term":[{"taxonomy":"product_brand","embeddable":true,"href":"https:\/\/www.3p-gmbh.de\/ar\/wp-json\/wp\/v2\/product_brand?post=7210"},{"taxonomy":"product_cat","embeddable":true,"href":"https:\/\/www.3p-gmbh.de\/ar\/wp-json\/wp\/v2\/product_cat?post=7210"},{"taxonomy":"product_tag","embeddable":true,"href":"https:\/\/www.3p-gmbh.de\/ar\/wp-json\/wp\/v2\/product_tag?post=7210"}],"curies":[{"name":"wp","href":"https:\/\/api.w.org\/{rel}","templated":true}]}}