{"id":7206,"date":"2019-07-11T13:57:16","date_gmt":"2019-07-11T13:57:16","guid":{"rendered":"http:\/\/www.3p-gmbh.de\/produkt\/einzangen-klebebinder-2\/"},"modified":"2019-11-08T09:58:53","modified_gmt":"2019-11-08T09:58:53","slug":"einzangen-klebebinder-2","status":"publish","type":"product","link":"https:\/\/www.3p-gmbh.de\/ar\/produkt\/einzangen-klebebinder-2\/","title":{"rendered":"Heidelberg Eurobind EB-600 Einzangen-Klebebinder"},"content":{"rendered":"<ul>\n<li>f\u00fcr Hotmelt-Kleber<\/li>\n<li>Leimdampfabsaugung<\/li>\n<li>Klappen und Rillwerkzeuge<\/li>\n<li>Umschlagdoppelbogenkontrolle<\/li>\n<li>Touchscreen mit einfacher Einstellung \u00fcber Icons, Vorheizschaltuhr, f\u00fcr R\u00fccken- und Seitenbeleimung, Exemplarz\u00e4hler, Fehleranalyse usw.<\/li>\n<li>Pneumatisch \u00f6ffnende und schliessende Zange<\/li>\n<li>Automatische Einstellung von Zangen\u00f6ffnung gem\u00e4ss Blockdicke, Seitenleimscheibe gem\u00e4ss Blockdicke, R\u00fcckenrillung gem\u00e4ss Blockdicke, Rilltiefe<\/li>\n<li>Positionierung der hinteren Umschlagf\u00fchrungsschiene gem\u00e4ss Umschlagbreite<\/li>\n<li>Einstellbare Fr\u00e4stiefe 0-3 mm<\/li>\n<li>R\u00fcckenbearbeitungsstation mit einem Kombinationswerkzeug mit Staubfr\u00e4sern<\/li>\n<li>H\u00f6henverstellbares Kerbmesser und Ringb\u00fcrste<\/li>\n<li>Hotmelt Klebstoffbecken mit zwei Aufragswalzen und Leimrakel und integriertem Seitenleimwerk mit schr\u00e4gen Scheiben (Produktion ohne Seitenleim m\u00f6glich)<\/li>\n<li>Umschlaganleger mit integriertem Doppelrillwerk (Zierrillung m\u00f6glich)<\/li>\n<li>Automatische Umschlagpressung<\/li>\n<li>Bandauslage mit Ein-Fachstapler<\/li>\n<li>Geschwindigkeit: 600 Takte<\/li>\n<li>Buchblockh\u00f6he: 120 mm &#8211; 440 mm<\/li>\n<li>Buchblockbreite: 120 mm &#8211; 320 mm<\/li>\n<li>Buchblockdicke: 2 mm &#8211; 50 mm<\/li>\n<li>Grammaturen: 60-170 g\/m2<\/li>\n<li>Umschlagbreite: 242 mm &#8211; 710 mm<\/li>\n<li>Umschlagh\u00f6he: 120 mm &#8211; 440 mm<\/li>\n<li>Umschlaggrammatur: 120 mm &#8211; 300 g\/m2<\/li>\n<li>Fr\u00e4stiefe : 0 -3 mm<\/li>\n<\/ul>\n","protected":false},"excerpt":{"rendered":"<p>f\u00fcr Hotmelt-Kleber Leimdampfabsaugung Klappen und Rillwerkzeuge Umschlagdoppelbogenkontrolle Touchscreen mit einfacher Einstellung \u00fcber Icons, Vorheizschaltuhr, f\u00fcr R\u00fccken- und Seitenbeleimung, Exemplarz\u00e4hler, Fehleranalyse usw. Pneumatisch \u00f6ffnende und schliessende Zange Automatische Einstellung von Zangen\u00f6ffnung gem\u00e4ss Blockdicke, Seitenleimscheibe gem\u00e4ss Blockdicke, R\u00fcckenrillung gem\u00e4ss Blockdicke, Rilltiefe Positionierung der hinteren Umschlagf\u00fchrungsschiene gem\u00e4ss Umschlagbreite Einstellbare Fr\u00e4stiefe 0-3 mm R\u00fcckenbearbeitungsstation mit einem Kombinationswerkzeug mit Staubfr\u00e4sern [&hellip;]<\/p>\n","protected":false},"featured_media":2725,"template":"","meta":[],"product_brand":[],"product_cat":[1751],"product_tag":[],"class_list":{"0":"post-7206","1":"product","2":"type-product","3":"status-publish","4":"has-post-thumbnail","6":"product_cat-klebebinder","7":"pa_baujahr-326","8":"pa_hersteller-heidelberg","9":"pa_typ-eurobind-600-eb-600","11":"first","12":"instock","13":"sold-individually","14":"taxable","15":"shipping-taxable","16":"purchasable","17":"product-type-simple"},"jetpack_sharing_enabled":true,"_links":{"self":[{"href":"https:\/\/www.3p-gmbh.de\/ar\/wp-json\/wp\/v2\/product\/7206","targetHints":{"allow":["GET"]}}],"collection":[{"href":"https:\/\/www.3p-gmbh.de\/ar\/wp-json\/wp\/v2\/product"}],"about":[{"href":"https:\/\/www.3p-gmbh.de\/ar\/wp-json\/wp\/v2\/types\/product"}],"wp:featuredmedia":[{"embeddable":true,"href":"https:\/\/www.3p-gmbh.de\/ar\/wp-json\/wp\/v2\/media\/2725"}],"wp:attachment":[{"href":"https:\/\/www.3p-gmbh.de\/ar\/wp-json\/wp\/v2\/media?parent=7206"}],"wp:term":[{"taxonomy":"product_brand","embeddable":true,"href":"https:\/\/www.3p-gmbh.de\/ar\/wp-json\/wp\/v2\/product_brand?post=7206"},{"taxonomy":"product_cat","embeddable":true,"href":"https:\/\/www.3p-gmbh.de\/ar\/wp-json\/wp\/v2\/product_cat?post=7206"},{"taxonomy":"product_tag","embeddable":true,"href":"https:\/\/www.3p-gmbh.de\/ar\/wp-json\/wp\/v2\/product_tag?post=7206"}],"curies":[{"name":"wp","href":"https:\/\/api.w.org\/{rel}","templated":true}]}}