{"id":7198,"date":"2019-07-11T13:57:04","date_gmt":"2019-07-11T13:57:04","guid":{"rendered":"http:\/\/www.3p-gmbh.de\/produkt\/blockleimanlage\/"},"modified":"2019-11-08T10:17:36","modified_gmt":"2019-11-08T10:17:36","slug":"blockleimanlage","status":"publish","type":"product","link":"https:\/\/www.3p-gmbh.de\/ar\/produkt\/blockleimanlage\/","title":{"rendered":"M\u00fcro 4 x 5000 A Blockleimanlage"},"content":{"rendered":"<ul>\n<li>f\u00fcr die Massenproduktion von Formulars\u00e4tzen, Brosch\u00fcren, Katalogen, Wiegekarten, Kalender, Schreibunterlagen in Blocks, Notablocks, Quittungblocks, Schreibblocks und Notizw\u00fcrfeln<\/li>\n<li>4 Pressen mit einer Stapelh\u00f6he von je 50 cm auf einer drehbaren Grundplatte, daher grosse Aufnahmekapazit\u00e4t und kontinuierliche Arbeitsweise<\/li>\n<li>Exaktes und schnelles Stapeln in Schr\u00e4glage der Pressen<\/li>\n<li>w\u00e4hrend eine Presse beschickt wird, trocknet und k\u00fchlt das Bindegut bereits in den anderen Pressen<\/li>\n<li>variierbarer Pressdruck &#8211; wichtig f\u00fcr die Selbsttrennverleimung von Formulars\u00e4tzen sowie f\u00fcr die Nutenfr\u00e4sung von Brosch\u00fcren und Wiegekarten<\/li>\n<li>Stapelh\u00f6he: 52,5cm<\/li>\n<li>Pressenbreite: 35 cm<\/li>\n<li>Pressentiefe: 32 cm<\/li>\n<li>Platzbedarf in Aktion: ca.1,4 x 1,4 m<\/li>\n<\/ul>\n","protected":false},"excerpt":{"rendered":"<p>f\u00fcr die Massenproduktion von Formulars\u00e4tzen, Brosch\u00fcren, Katalogen, Wiegekarten, Kalender, Schreibunterlagen in Blocks, Notablocks, Quittungblocks, Schreibblocks und Notizw\u00fcrfeln 4 Pressen mit einer Stapelh\u00f6he von je 50 cm auf einer drehbaren Grundplatte, daher grosse Aufnahmekapazit\u00e4t und kontinuierliche Arbeitsweise Exaktes und schnelles Stapeln in Schr\u00e4glage der Pressen w\u00e4hrend eine Presse beschickt wird, trocknet und k\u00fchlt das Bindegut bereits [&hellip;]<\/p>\n","protected":false},"featured_media":2688,"template":"","meta":[],"product_brand":[],"product_cat":[1764],"product_tag":[],"class_list":{"0":"post-7198","1":"product","2":"type-product","3":"status-publish","4":"has-post-thumbnail","6":"product_cat-sortimentsbuchbinderei","7":"pa_baujahr-198","8":"pa_hersteller-muero","9":"pa_typ-4-x-5000-a","11":"first","12":"instock","13":"sold-individually","14":"taxable","15":"shipping-taxable","16":"purchasable","17":"product-type-simple"},"jetpack_sharing_enabled":true,"_links":{"self":[{"href":"https:\/\/www.3p-gmbh.de\/ar\/wp-json\/wp\/v2\/product\/7198","targetHints":{"allow":["GET"]}}],"collection":[{"href":"https:\/\/www.3p-gmbh.de\/ar\/wp-json\/wp\/v2\/product"}],"about":[{"href":"https:\/\/www.3p-gmbh.de\/ar\/wp-json\/wp\/v2\/types\/product"}],"wp:featuredmedia":[{"embeddable":true,"href":"https:\/\/www.3p-gmbh.de\/ar\/wp-json\/wp\/v2\/media\/2688"}],"wp:attachment":[{"href":"https:\/\/www.3p-gmbh.de\/ar\/wp-json\/wp\/v2\/media?parent=7198"}],"wp:term":[{"taxonomy":"product_brand","embeddable":true,"href":"https:\/\/www.3p-gmbh.de\/ar\/wp-json\/wp\/v2\/product_brand?post=7198"},{"taxonomy":"product_cat","embeddable":true,"href":"https:\/\/www.3p-gmbh.de\/ar\/wp-json\/wp\/v2\/product_cat?post=7198"},{"taxonomy":"product_tag","embeddable":true,"href":"https:\/\/www.3p-gmbh.de\/ar\/wp-json\/wp\/v2\/product_tag?post=7198"}],"curies":[{"name":"wp","href":"https:\/\/api.w.org\/{rel}","templated":true}]}}