{"id":7186,"date":"2019-07-11T13:57:04","date_gmt":"2019-07-11T13:57:04","guid":{"rendered":"http:\/\/www.3p-gmbh.de\/produkt\/plastik-stanz-bindemaschine\/"},"modified":"2019-08-13T08:25:47","modified_gmt":"2019-08-13T08:25:47","slug":"plastik-stanz-bindemaschine","status":"publish","type":"product","link":"https:\/\/www.3p-gmbh.de\/ar\/produkt\/plastik-stanz-bindemaschine\/","title":{"rendered":"Renz Combi S Stanz- und Bindemaschine"},"content":{"rendered":"<ul>\n<li>Plastikbindeger\u00e4t DIN A4<\/li>\n<li>Kapazit\u00e4t 500 Blatt<\/li>\n<li>Arbeitsbreite: A4 (340 mm)<\/li>\n<li>Bindekapazit\u00e4t: 500 Blatt<\/li>\n<li>Stanzkapazit\u00e4t: 25 Blatt<\/li>\n<li>Teilung: US-Teilung f\u00fcr 21 Ringe (max. 24 Ringe)<\/li>\n<li>max. Binder\u00fcckendurchmesser: 50 mm<\/li>\n<li>Papierseitenanschlag: variabel<\/li>\n<li>einzeln ausschaltbare Stanzhebel<\/li>\n<li>einstellbarer Randabstand<\/li>\n<li>Dokumenten-Messvorrichtung<\/li>\n<li>Stanzabfallbeh\u00e4lter<\/li>\n<li>nachtr\u00e4gliches Hinzuf\u00fcgen<\/li>\n<li>Austauschen und Entfernen von Seiten ist m\u00f6glich<\/li>\n<\/ul>\n","protected":false},"excerpt":{"rendered":"<p>Plastikbindeger\u00e4t DIN A4 Kapazit\u00e4t 500 Blatt Arbeitsbreite: A4 (340 mm) Bindekapazit\u00e4t: 500 Blatt Stanzkapazit\u00e4t: 25 Blatt Teilung: US-Teilung f\u00fcr 21 Ringe (max. 24 Ringe) max. Binder\u00fcckendurchmesser: 50 mm Papierseitenanschlag: variabel einzeln ausschaltbare Stanzhebel einstellbarer Randabstand Dokumenten-Messvorrichtung Stanzabfallbeh\u00e4lter nachtr\u00e4gliches Hinzuf\u00fcgen Austauschen und Entfernen von Seiten ist m\u00f6glich<\/p>\n","protected":false},"featured_media":2633,"template":"","meta":[],"product_brand":[],"product_cat":[85],"product_tag":[],"class_list":{"0":"post-7186","1":"product","2":"type-product","3":"status-publish","4":"has-post-thumbnail","6":"product_cat-drahtbindemaschinen","7":"pa_baujahr-137","8":"pa_hersteller-christian-renz","9":"pa_typ-combi-s","11":"first","12":"instock","13":"sold-individually","14":"taxable","15":"shipping-taxable","16":"purchasable","17":"product-type-simple"},"jetpack_sharing_enabled":true,"_links":{"self":[{"href":"https:\/\/www.3p-gmbh.de\/ar\/wp-json\/wp\/v2\/product\/7186","targetHints":{"allow":["GET"]}}],"collection":[{"href":"https:\/\/www.3p-gmbh.de\/ar\/wp-json\/wp\/v2\/product"}],"about":[{"href":"https:\/\/www.3p-gmbh.de\/ar\/wp-json\/wp\/v2\/types\/product"}],"wp:featuredmedia":[{"embeddable":true,"href":"https:\/\/www.3p-gmbh.de\/ar\/wp-json\/wp\/v2\/media\/2633"}],"wp:attachment":[{"href":"https:\/\/www.3p-gmbh.de\/ar\/wp-json\/wp\/v2\/media?parent=7186"}],"wp:term":[{"taxonomy":"product_brand","embeddable":true,"href":"https:\/\/www.3p-gmbh.de\/ar\/wp-json\/wp\/v2\/product_brand?post=7186"},{"taxonomy":"product_cat","embeddable":true,"href":"https:\/\/www.3p-gmbh.de\/ar\/wp-json\/wp\/v2\/product_cat?post=7186"},{"taxonomy":"product_tag","embeddable":true,"href":"https:\/\/www.3p-gmbh.de\/ar\/wp-json\/wp\/v2\/product_tag?post=7186"}],"curies":[{"name":"wp","href":"https:\/\/api.w.org\/{rel}","templated":true}]}}