{"id":7060,"date":"2019-07-11T13:55:48","date_gmt":"2019-07-11T13:55:48","guid":{"rendered":"http:\/\/www.3p-gmbh.de\/produkt\/mehrfnutzenauslage\/"},"modified":"2019-11-14T09:30:09","modified_gmt":"2019-11-14T09:30:09","slug":"mehrfnutzenauslage","status":"publish","type":"product","link":"https:\/\/www.3p-gmbh.de\/ar\/produkt\/mehrfnutzenauslage\/","title":{"rendered":"Bograma SAB 750 Mehrfachnutzenauslage"},"content":{"rendered":"<ul>\n<li>Schuppenauslage, verwendet bei Mehrfachnutzenproduktionen<\/li>\n<li>Formate von A3 bis Minimum 30 x 30 mm k\u00f6nnen damit im Schuppenstrom versetzt ausgelegt werden<\/li>\n<li>Einlaufbreite 750mm mit Rundriemenzuf\u00fchrung f\u00fcr optimierte Produkte-\u00dcbernahme<\/li>\n<li>Angetriebene Oberb\u00e4nder mit formatunabh\u00e4ngigem Transportteppich<\/li>\n<li>Vorwahl- und Summenz\u00e4hler<\/li>\n<li>Motorische H\u00f6henverstellung<\/li>\n<li>Arbeitsbreite max. max. 750 mm<\/li>\n<li>H\u00f6henverstellung motorisch, 690 bis 950 mm<\/li>\n<li>Einlauf mit Rundriemen<\/li>\n<li>Geschwindigkeit 20 &#8211; 200 m\/min., regulierbar<\/li>\n<li>Schuppenband absenkbar um 40 mm zum Einlauf<\/li>\n<li>Oberb\u00e4nder 8 St\u00fcck, 35 mm, angetrieben<\/li>\n<li>Schuppung 10 &#8211; 100 mm<\/li>\n<li>Vorwahl- und Summenz\u00e4hler<\/li>\n<li>Schuppenversatz 0 &#8211; 40 mm oder Sprungvorschub, umstellbar<\/li>\n<li>Platzbedarf 2050 x 1050 mm<\/li>\n<\/ul>\n","protected":false},"excerpt":{"rendered":"<p>Schuppenauslage, verwendet bei Mehrfachnutzenproduktionen Formate von A3 bis Minimum 30 x 30 mm k\u00f6nnen damit im Schuppenstrom versetzt ausgelegt werden Einlaufbreite 750mm mit Rundriemenzuf\u00fchrung f\u00fcr optimierte Produkte-\u00dcbernahme Angetriebene Oberb\u00e4nder mit formatunabh\u00e4ngigem Transportteppich Vorwahl- und Summenz\u00e4hler Motorische H\u00f6henverstellung Arbeitsbreite max. max. 750 mm H\u00f6henverstellung motorisch, 690 bis 950 mm Einlauf mit Rundriemen Geschwindigkeit 20 &#8211; 200 [&hellip;]<\/p>\n","protected":false},"featured_media":2154,"template":"","meta":[],"product_brand":[],"product_cat":[1745],"product_tag":[],"class_list":{"0":"post-7060","1":"product","2":"type-product","3":"status-publish","4":"has-post-thumbnail","6":"product_cat-auslagen","7":"pa_baujahr-198","8":"pa_hersteller-bochsler","9":"pa_typ-bograma-sab-750","11":"first","12":"instock","13":"sold-individually","14":"taxable","15":"shipping-taxable","16":"purchasable","17":"product-type-simple"},"jetpack_sharing_enabled":true,"_links":{"self":[{"href":"https:\/\/www.3p-gmbh.de\/ar\/wp-json\/wp\/v2\/product\/7060","targetHints":{"allow":["GET"]}}],"collection":[{"href":"https:\/\/www.3p-gmbh.de\/ar\/wp-json\/wp\/v2\/product"}],"about":[{"href":"https:\/\/www.3p-gmbh.de\/ar\/wp-json\/wp\/v2\/types\/product"}],"wp:featuredmedia":[{"embeddable":true,"href":"https:\/\/www.3p-gmbh.de\/ar\/wp-json\/wp\/v2\/media\/2154"}],"wp:attachment":[{"href":"https:\/\/www.3p-gmbh.de\/ar\/wp-json\/wp\/v2\/media?parent=7060"}],"wp:term":[{"taxonomy":"product_brand","embeddable":true,"href":"https:\/\/www.3p-gmbh.de\/ar\/wp-json\/wp\/v2\/product_brand?post=7060"},{"taxonomy":"product_cat","embeddable":true,"href":"https:\/\/www.3p-gmbh.de\/ar\/wp-json\/wp\/v2\/product_cat?post=7060"},{"taxonomy":"product_tag","embeddable":true,"href":"https:\/\/www.3p-gmbh.de\/ar\/wp-json\/wp\/v2\/product_tag?post=7060"}],"curies":[{"name":"wp","href":"https:\/\/api.w.org\/{rel}","templated":true}]}}