{"id":7030,"date":"2019-07-11T13:55:29","date_gmt":"2019-07-11T13:55:29","guid":{"rendered":"http:\/\/www.3p-gmbh.de\/produkt\/kreuzbruchfalzwerk\/"},"modified":"2019-11-21T12:47:40","modified_gmt":"2019-11-21T12:47:40","slug":"kreuzbruchfalzwerk","status":"publish","type":"product","link":"https:\/\/www.3p-gmbh.de\/ar\/produkt\/kreuzbruchfalzwerk\/","title":{"rendered":"Horizon MKU 54 Kreuzbruchfalzwerk"},"content":{"rendered":"<ul>\n<li>mobiles, h\u00f6henverstellbares und 180\u00b0 drehbares Schwert<\/li>\n<li>passend f\u00fcr alle g\u00e4ngigen Horizon-Maschinen online und auch offline einsetzbar<\/li>\n<li>Format: min. 160x100mm max. 540x360mm<\/li>\n<li>Einlaufh\u00f6he: 570-970mm<\/li>\n<li>Leistung: 230m\/min 20.000 Takte<\/li>\n<\/ul>\n","protected":false},"excerpt":{"rendered":"<p>mobiles, h\u00f6henverstellbares und 180\u00b0 drehbares Schwert passend f\u00fcr alle g\u00e4ngigen Horizon-Maschinen online und auch offline einsetzbar Format: min. 160x100mm max. 540x360mm Einlaufh\u00f6he: 570-970mm Leistung: 230m\/min 20.000 Takte<\/p>\n","protected":false},"featured_media":2022,"template":"","meta":[],"product_brand":[],"product_cat":[1842],"product_tag":[],"class_list":{"0":"post-7030","1":"product","2":"type-product","3":"status-publish","4":"has-post-thumbnail","6":"product_cat-falzwerke","7":"pa_baujahr-143","8":"pa_hersteller-horizon","9":"pa_typ-mku-54","11":"first","12":"instock","13":"sold-individually","14":"taxable","15":"shipping-taxable","16":"purchasable","17":"product-type-simple"},"jetpack_sharing_enabled":true,"_links":{"self":[{"href":"https:\/\/www.3p-gmbh.de\/ar\/wp-json\/wp\/v2\/product\/7030","targetHints":{"allow":["GET"]}}],"collection":[{"href":"https:\/\/www.3p-gmbh.de\/ar\/wp-json\/wp\/v2\/product"}],"about":[{"href":"https:\/\/www.3p-gmbh.de\/ar\/wp-json\/wp\/v2\/types\/product"}],"wp:featuredmedia":[{"embeddable":true,"href":"https:\/\/www.3p-gmbh.de\/ar\/wp-json\/wp\/v2\/media\/2022"}],"wp:attachment":[{"href":"https:\/\/www.3p-gmbh.de\/ar\/wp-json\/wp\/v2\/media?parent=7030"}],"wp:term":[{"taxonomy":"product_brand","embeddable":true,"href":"https:\/\/www.3p-gmbh.de\/ar\/wp-json\/wp\/v2\/product_brand?post=7030"},{"taxonomy":"product_cat","embeddable":true,"href":"https:\/\/www.3p-gmbh.de\/ar\/wp-json\/wp\/v2\/product_cat?post=7030"},{"taxonomy":"product_tag","embeddable":true,"href":"https:\/\/www.3p-gmbh.de\/ar\/wp-json\/wp\/v2\/product_tag?post=7030"}],"curies":[{"name":"wp","href":"https:\/\/api.w.org\/{rel}","templated":true}]}}