{"id":7024,"date":"2019-07-11T13:55:29","date_gmt":"2019-07-11T13:55:29","guid":{"rendered":"http:\/\/www.3p-gmbh.de\/produkt\/stehendbogen-kleinformatauslage\/"},"modified":"2019-11-21T12:45:50","modified_gmt":"2019-11-21T12:45:50","slug":"stehendbogen-kleinformatauslage","status":"publish","type":"product","link":"https:\/\/www.3p-gmbh.de\/ar\/produkt\/stehendbogen-kleinformatauslage\/","title":{"rendered":"B\u00e4uerle SKM 36-B Stehendbogen-Kleinformatauslage"},"content":{"rendered":"<ul>\n<li>fahrbare Stehendbogen-Kleinformatauslage<\/li>\n<li>Einlaufbreite 36 cm<\/li>\n<li>Formate: max. 36 x 12 cm, min. 5 x 1,8 cm<\/li>\n<li>Einlaufh\u00f6he 60 bis 93 cm, stufenlos verstellbar<\/li>\n<li>kann mit Eigensteuerung (Poti mit Frequenzumrichter) zum Anschluss f\u00fcr Fremdfabrikate nachger\u00fcstet werden<\/li>\n<li>Markierung der Vorwahlz\u00e4hlung durch Kicker<\/li>\n<\/ul>\n","protected":false},"excerpt":{"rendered":"<p>fahrbare Stehendbogen-Kleinformatauslage Einlaufbreite 36 cm Formate: max. 36 x 12 cm, min. 5 x 1,8 cm Einlaufh\u00f6he 60 bis 93 cm, stufenlos verstellbar kann mit Eigensteuerung (Poti mit Frequenzumrichter) zum Anschluss f\u00fcr Fremdfabrikate nachger\u00fcstet werden Markierung der Vorwahlz\u00e4hlung durch Kicker<\/p>\n","protected":false},"featured_media":9183,"template":"","meta":[],"product_brand":[],"product_cat":[1745],"product_tag":[],"class_list":{"0":"post-7024","1":"product","2":"type-product","3":"status-publish","4":"has-post-thumbnail","6":"product_cat-auslagen","7":"pa_baujahr-130","8":"pa_hersteller-mathias-baeuerle","9":"pa_typ-skm-36-b","11":"first","12":"instock","13":"sold-individually","14":"taxable","15":"shipping-taxable","16":"purchasable","17":"product-type-simple"},"jetpack_sharing_enabled":true,"_links":{"self":[{"href":"https:\/\/www.3p-gmbh.de\/ar\/wp-json\/wp\/v2\/product\/7024","targetHints":{"allow":["GET"]}}],"collection":[{"href":"https:\/\/www.3p-gmbh.de\/ar\/wp-json\/wp\/v2\/product"}],"about":[{"href":"https:\/\/www.3p-gmbh.de\/ar\/wp-json\/wp\/v2\/types\/product"}],"wp:featuredmedia":[{"embeddable":true,"href":"https:\/\/www.3p-gmbh.de\/ar\/wp-json\/wp\/v2\/media\/9183"}],"wp:attachment":[{"href":"https:\/\/www.3p-gmbh.de\/ar\/wp-json\/wp\/v2\/media?parent=7024"}],"wp:term":[{"taxonomy":"product_brand","embeddable":true,"href":"https:\/\/www.3p-gmbh.de\/ar\/wp-json\/wp\/v2\/product_brand?post=7024"},{"taxonomy":"product_cat","embeddable":true,"href":"https:\/\/www.3p-gmbh.de\/ar\/wp-json\/wp\/v2\/product_cat?post=7024"},{"taxonomy":"product_tag","embeddable":true,"href":"https:\/\/www.3p-gmbh.de\/ar\/wp-json\/wp\/v2\/product_tag?post=7024"}],"curies":[{"name":"wp","href":"https:\/\/api.w.org\/{rel}","templated":true}]}}