{"id":7002,"date":"2019-07-11T13:55:08","date_gmt":"2019-07-11T13:55:08","guid":{"rendered":"http:\/\/www.3p-gmbh.de\/produkt\/pappenschere-mit-untergestell\/"},"modified":"2019-08-22T09:10:25","modified_gmt":"2019-08-22T09:10:25","slug":"pappenschere-mit-untergestell","status":"publish","type":"product","link":"https:\/\/www.3p-gmbh.de\/ar\/produkt\/pappenschere-mit-untergestell\/","title":{"rendered":"Schimanek Typ 10 Pappenschere mit Untergestell"},"content":{"rendered":"<ul>\n<li>schwere Ausf\u00fchrung mit massivem Gusstisch<\/li>\n<li>Schnittl\u00e4nge 1200mm<\/li>\n<li>Tischbreite 1000mm<\/li>\n<li>Tischh\u00f6he 800 mm<\/li>\n<li>Vorderanschlag und Schmalschneider<\/li>\n<li>Anlegeleiste und hierauf verschiebbare Winkelanlage<\/li>\n<li>Massskalen in mm<\/li>\n<li>verstellbares Untermesser<\/li>\n<li>Messerschutz<\/li>\n<li>verschiebbarer Kreuz- und Querwinkel<\/li>\n<li>Winkelanlage gross mit Querwinkel<\/li>\n<\/ul>\n","protected":false},"excerpt":{"rendered":"<p>schwere Ausf\u00fchrung mit massivem Gusstisch Schnittl\u00e4nge 1200mm Tischbreite 1000mm Tischh\u00f6he 800 mm Vorderanschlag und Schmalschneider Anlegeleiste und hierauf verschiebbare Winkelanlage Massskalen in mm verstellbares Untermesser Messerschutz verschiebbarer Kreuz- und Querwinkel Winkelanlage gross mit Querwinkel<\/p>\n","protected":false},"featured_media":9548,"template":"","meta":[],"product_brand":[],"product_cat":[788],"product_tag":[],"class_list":{"0":"post-7002","1":"product","2":"type-product","3":"status-publish","4":"has-post-thumbnail","6":"product_cat-schneidemaschinen","7":"pa_baujahr-843","8":"pa_hersteller-schimanek-maschinenfabrik","9":"pa_typ-schimanek-typ-10","11":"first","12":"instock","13":"sold-individually","14":"taxable","15":"shipping-taxable","16":"purchasable","17":"product-type-simple"},"jetpack_sharing_enabled":true,"_links":{"self":[{"href":"https:\/\/www.3p-gmbh.de\/ar\/wp-json\/wp\/v2\/product\/7002","targetHints":{"allow":["GET"]}}],"collection":[{"href":"https:\/\/www.3p-gmbh.de\/ar\/wp-json\/wp\/v2\/product"}],"about":[{"href":"https:\/\/www.3p-gmbh.de\/ar\/wp-json\/wp\/v2\/types\/product"}],"wp:featuredmedia":[{"embeddable":true,"href":"https:\/\/www.3p-gmbh.de\/ar\/wp-json\/wp\/v2\/media\/9548"}],"wp:attachment":[{"href":"https:\/\/www.3p-gmbh.de\/ar\/wp-json\/wp\/v2\/media?parent=7002"}],"wp:term":[{"taxonomy":"product_brand","embeddable":true,"href":"https:\/\/www.3p-gmbh.de\/ar\/wp-json\/wp\/v2\/product_brand?post=7002"},{"taxonomy":"product_cat","embeddable":true,"href":"https:\/\/www.3p-gmbh.de\/ar\/wp-json\/wp\/v2\/product_cat?post=7002"},{"taxonomy":"product_tag","embeddable":true,"href":"https:\/\/www.3p-gmbh.de\/ar\/wp-json\/wp\/v2\/product_tag?post=7002"}],"curies":[{"name":"wp","href":"https:\/\/api.w.org\/{rel}","templated":true}]}}