{"id":6994,"date":"2019-07-11T13:55:08","date_gmt":"2019-07-11T13:55:08","guid":{"rendered":"http:\/\/www.3p-gmbh.de\/produkt\/messer\/"},"modified":"2021-05-12T15:19:44","modified_gmt":"2021-05-12T15:19:44","slug":"messer","status":"publish","type":"product","link":"https:\/\/www.3p-gmbh.de\/ar\/produkt\/messer\/","title":{"rendered":"HSS Messer f\u00fcr Perfecta 132"},"content":{"rendered":"<p><strong>HSS Messer f\u00fcr Perfecta 132<\/strong><\/p>\n<p><em>gebraucht<\/em><\/p>\n<p>1 HSS Messer Sch\u00f6neberger f\u00fcr Perfecta 132<br \/>\nneuwertig &#8211; scharf<\/p>\n<p>1 HSS Messer Sch\u00f6neberger f\u00fcr Perfecta 132<br \/>\nnoch ca. 2-3 mal schleifbar &#8211; scharf<\/p>\n","protected":false},"excerpt":{"rendered":"<p>HSS Messer f\u00fcr Perfecta 132 gebraucht 1 HSS Messer Sch\u00f6neberger f\u00fcr Perfecta 132 neuwertig &#8211; scharf 1 HSS Messer Sch\u00f6neberger f\u00fcr Perfecta 132 noch ca. 2-3 mal schleifbar &#8211; scharf<\/p>\n","protected":false},"featured_media":1895,"template":"","meta":[],"product_brand":[],"product_cat":[788],"product_tag":[],"class_list":{"0":"post-6994","1":"product","2":"type-product","3":"status-publish","4":"has-post-thumbnail","6":"product_cat-schneidemaschinen","7":"pa_baujahr-127","8":"pa_hersteller-hagedorn-fuer-perfecta","9":"pa_typ-831","11":"first","12":"instock","13":"sold-individually","14":"taxable","15":"shipping-taxable","16":"purchasable","17":"product-type-simple"},"jetpack_sharing_enabled":true,"_links":{"self":[{"href":"https:\/\/www.3p-gmbh.de\/ar\/wp-json\/wp\/v2\/product\/6994","targetHints":{"allow":["GET"]}}],"collection":[{"href":"https:\/\/www.3p-gmbh.de\/ar\/wp-json\/wp\/v2\/product"}],"about":[{"href":"https:\/\/www.3p-gmbh.de\/ar\/wp-json\/wp\/v2\/types\/product"}],"wp:featuredmedia":[{"embeddable":true,"href":"https:\/\/www.3p-gmbh.de\/ar\/wp-json\/wp\/v2\/media\/1895"}],"wp:attachment":[{"href":"https:\/\/www.3p-gmbh.de\/ar\/wp-json\/wp\/v2\/media?parent=6994"}],"wp:term":[{"taxonomy":"product_brand","embeddable":true,"href":"https:\/\/www.3p-gmbh.de\/ar\/wp-json\/wp\/v2\/product_brand?post=6994"},{"taxonomy":"product_cat","embeddable":true,"href":"https:\/\/www.3p-gmbh.de\/ar\/wp-json\/wp\/v2\/product_cat?post=6994"},{"taxonomy":"product_tag","embeddable":true,"href":"https:\/\/www.3p-gmbh.de\/ar\/wp-json\/wp\/v2\/product_tag?post=6994"}],"curies":[{"name":"wp","href":"https:\/\/api.w.org\/{rel}","templated":true}]}}