{"id":6942,"date":"2019-07-11T13:54:40","date_gmt":"2019-07-11T13:54:40","guid":{"rendered":"http:\/\/www.3p-gmbh.de\/produkt\/horizontal-druckplatteneinbrennofen\/"},"modified":"2019-11-08T11:26:05","modified_gmt":"2019-11-08T11:26:05","slug":"horizontal-druckplatteneinbrennofen","status":"publish","type":"product","link":"https:\/\/www.3p-gmbh.de\/ar\/produkt\/horizontal-druckplatteneinbrennofen\/","title":{"rendered":"Technografica EBO 1250 Einbrennofen"},"content":{"rendered":"<p>Der Druckplatten-Einbrennofen Technografica EBO 1250 aus Baujahr 2001 eignet sich f\u00fcr die Verarbeitung von einseitig vorbeschichteten Offsetdruckplatten bis max. Einlaufbreite 1250 mm. Das Einbrennen mit dem Einbrennofen erh\u00f6ht die Standzeit der Druckplatten auf der Druckmaschine. Eine beidseitige W\u00e4rmebehandlung im Umluftverfahren f\u00fchrt zu gleichm\u00e4ssig eingebrannten Platten mit guter Planlage. Die Temperatur ist variabel einstellbar von 0 bis 300 \u00baC. Der Energieverbrauch ist durch ein Regelthermostat und eine aufwendige Isolierung minimiert.<\/p>\n<p>Als Option verf\u00fcgbar: diverse Zwischentransporttische ZTA und Eckumlenkungen EKT<\/p>\n","protected":false},"excerpt":{"rendered":"<p>Der Druckplatten-Einbrennofen Technografica EBO 1250 aus Baujahr 2001 eignet sich f\u00fcr die Verarbeitung von einseitig vorbeschichteten Offsetdruckplatten bis max. Einlaufbreite 1250 mm. Das Einbrennen mit dem Einbrennofen erh\u00f6ht die Standzeit der Druckplatten auf der Druckmaschine. Eine beidseitige W\u00e4rmebehandlung im Umluftverfahren f\u00fchrt zu gleichm\u00e4ssig eingebrannten Platten mit guter Planlage. Die Temperatur ist variabel einstellbar von 0 [&hellip;]<\/p>\n","protected":false},"featured_media":1704,"template":"","meta":[],"product_brand":[],"product_cat":[1787],"product_tag":[],"class_list":{"0":"post-6942","1":"product","2":"type-product","3":"status-publish","4":"has-post-thumbnail","6":"product_cat-druckplattenverarbeitung","7":"pa_baujahr-130","8":"pa_hersteller-techno-grafica","9":"pa_typ-diamant-ebo-1250-mit-spg","11":"first","12":"instock","13":"sold-individually","14":"taxable","15":"shipping-taxable","16":"purchasable","17":"product-type-simple"},"jetpack_sharing_enabled":true,"_links":{"self":[{"href":"https:\/\/www.3p-gmbh.de\/ar\/wp-json\/wp\/v2\/product\/6942","targetHints":{"allow":["GET"]}}],"collection":[{"href":"https:\/\/www.3p-gmbh.de\/ar\/wp-json\/wp\/v2\/product"}],"about":[{"href":"https:\/\/www.3p-gmbh.de\/ar\/wp-json\/wp\/v2\/types\/product"}],"wp:featuredmedia":[{"embeddable":true,"href":"https:\/\/www.3p-gmbh.de\/ar\/wp-json\/wp\/v2\/media\/1704"}],"wp:attachment":[{"href":"https:\/\/www.3p-gmbh.de\/ar\/wp-json\/wp\/v2\/media?parent=6942"}],"wp:term":[{"taxonomy":"product_brand","embeddable":true,"href":"https:\/\/www.3p-gmbh.de\/ar\/wp-json\/wp\/v2\/product_brand?post=6942"},{"taxonomy":"product_cat","embeddable":true,"href":"https:\/\/www.3p-gmbh.de\/ar\/wp-json\/wp\/v2\/product_cat?post=6942"},{"taxonomy":"product_tag","embeddable":true,"href":"https:\/\/www.3p-gmbh.de\/ar\/wp-json\/wp\/v2\/product_tag?post=6942"}],"curies":[{"name":"wp","href":"https:\/\/api.w.org\/{rel}","templated":true}]}}