{"id":6893,"date":"2019-07-11T13:54:22","date_gmt":"2019-07-11T13:54:22","guid":{"rendered":"http:\/\/www.3p-gmbh.de\/produkt\/flachbettscanner-3\/"},"modified":"2019-11-14T09:41:52","modified_gmt":"2019-11-14T09:41:52","slug":"flachbettscanner-3","status":"publish","type":"product","link":"https:\/\/www.3p-gmbh.de\/ar\/produkt\/flachbettscanner-3\/","title":{"rendered":"Heidelberg Nexscan F 4200 Flachbettscanner"},"content":{"rendered":"<ul>\n<li>Modell 3270-1<\/li>\n<li>senkrecht angebrachte Abtasteinheit (ohne Spiegelumlenkung)<\/li>\n<li>Dual CCD Technologie (trilineare CCD mit 3 x 8000 Pixeln, zweite CCD mit 12.000 Pixeln f\u00fcr Redigitalisierung)<\/li>\n<li>max. Vorlagenformat 315 x 457 mm<\/li>\n<li>optische Aufl\u00f6sung max. 5080 dpi<\/li>\n<li>interpolierte Aufl\u00f6sung max. 11800 dpi<\/li>\n<li>Vorlagentypen Aufsicht, Durchsicht, Positiv, Negativ, Farbe, S\/W<\/li>\n<li>max. Dichte 4.0<\/li>\n<li>mit NewColor Software<\/li>\n<\/ul>\n","protected":false},"excerpt":{"rendered":"<p>Modell 3270-1 senkrecht angebrachte Abtasteinheit (ohne Spiegelumlenkung) Dual CCD Technologie (trilineare CCD mit 3 x 8000 Pixeln, zweite CCD mit 12.000 Pixeln f\u00fcr Redigitalisierung) max. Vorlagenformat 315 x 457 mm optische Aufl\u00f6sung max. 5080 dpi interpolierte Aufl\u00f6sung max. 11800 dpi Vorlagentypen Aufsicht, Durchsicht, Positiv, Negativ, Farbe, S\/W max. Dichte 4.0 mit NewColor Software<\/p>\n","protected":false},"featured_media":1547,"template":"","meta":[],"product_brand":[],"product_cat":[1643],"product_tag":[],"class_list":{"0":"post-6893","1":"product","2":"type-product","3":"status-publish","4":"has-post-thumbnail","6":"product_cat-flachbettscanner","7":"pa_baujahr-130","8":"pa_hersteller-heidelberg","9":"pa_typ-nexscan-f-4200","11":"first","12":"instock","13":"sold-individually","14":"taxable","15":"shipping-taxable","16":"purchasable","17":"product-type-simple"},"jetpack_sharing_enabled":true,"_links":{"self":[{"href":"https:\/\/www.3p-gmbh.de\/ar\/wp-json\/wp\/v2\/product\/6893","targetHints":{"allow":["GET"]}}],"collection":[{"href":"https:\/\/www.3p-gmbh.de\/ar\/wp-json\/wp\/v2\/product"}],"about":[{"href":"https:\/\/www.3p-gmbh.de\/ar\/wp-json\/wp\/v2\/types\/product"}],"wp:featuredmedia":[{"embeddable":true,"href":"https:\/\/www.3p-gmbh.de\/ar\/wp-json\/wp\/v2\/media\/1547"}],"wp:attachment":[{"href":"https:\/\/www.3p-gmbh.de\/ar\/wp-json\/wp\/v2\/media?parent=6893"}],"wp:term":[{"taxonomy":"product_brand","embeddable":true,"href":"https:\/\/www.3p-gmbh.de\/ar\/wp-json\/wp\/v2\/product_brand?post=6893"},{"taxonomy":"product_cat","embeddable":true,"href":"https:\/\/www.3p-gmbh.de\/ar\/wp-json\/wp\/v2\/product_cat?post=6893"},{"taxonomy":"product_tag","embeddable":true,"href":"https:\/\/www.3p-gmbh.de\/ar\/wp-json\/wp\/v2\/product_tag?post=6893"}],"curies":[{"name":"wp","href":"https:\/\/api.w.org\/{rel}","templated":true}]}}