{"id":6887,"date":"2019-07-11T13:54:22","date_gmt":"2019-07-11T13:54:22","guid":{"rendered":"http:\/\/www.3p-gmbh.de\/produkt\/highend-flachbettscanner-2\/"},"modified":"2019-11-14T09:38:58","modified_gmt":"2019-11-14T09:38:58","slug":"highend-flachbettscanner-2","status":"publish","type":"product","link":"https:\/\/www.3p-gmbh.de\/ar\/produkt\/highend-flachbettscanner-2\/","title":{"rendered":"CreoScitex Eversmart Pro Highend-Flachbettscanner"},"content":{"rendered":"<ul>\n<li>Flachbettscanner mit \u00fcber den gesamten Scanbereich beweglichem Abtastkopf (festes Scanglas)<\/li>\n<li>Trilineare Color-CCD 3 x 8000 Pixel<\/li>\n<li>Mustergenauigkeit 14 Bit \/ Pixel<\/li>\n<li>max. Dichte 4.0 max<\/li>\n<li>optische Aufl\u00f6sung 3150 dpi<\/li>\n<li>Scanbereich 305 x 432 mm<\/li>\n<li>Durchsicht (pos., neg.), Aufsicht, Dias<\/li>\n<li>max. Vorlagendicke Durchsicht 5 mm<\/li>\n<li>Vergr\u00f6sserung bei 300 dpi 20-2700 %<\/li>\n<li>Vergr\u00f6sserungsstufen 0,1 %<\/li>\n<li>unterst\u00fctzte Dateiformate: Scitex CT, -LW, EPS, Tiff, Pict usw.<\/li>\n<\/ul>\n","protected":false},"excerpt":{"rendered":"<p>Flachbettscanner mit \u00fcber den gesamten Scanbereich beweglichem Abtastkopf (festes Scanglas) Trilineare Color-CCD 3 x 8000 Pixel Mustergenauigkeit 14 Bit \/ Pixel max. Dichte 4.0 max optische Aufl\u00f6sung 3150 dpi Scanbereich 305 x 432 mm Durchsicht (pos., neg.), Aufsicht, Dias max. Vorlagendicke Durchsicht 5 mm Vergr\u00f6sserung bei 300 dpi 20-2700 % Vergr\u00f6sserungsstufen 0,1 % unterst\u00fctzte Dateiformate: [&hellip;]<\/p>\n","protected":false},"featured_media":1533,"template":"","meta":[],"product_brand":[],"product_cat":[1643],"product_tag":[],"class_list":{"0":"post-6887","1":"product","2":"type-product","3":"status-publish","4":"has-post-thumbnail","6":"product_cat-flachbettscanner","7":"pa_baujahr-158","8":"pa_hersteller-creo-scitex","9":"pa_typ-eversmart-pro","11":"first","12":"instock","13":"sold-individually","14":"taxable","15":"shipping-taxable","16":"purchasable","17":"product-type-simple"},"jetpack_sharing_enabled":true,"_links":{"self":[{"href":"https:\/\/www.3p-gmbh.de\/ar\/wp-json\/wp\/v2\/product\/6887","targetHints":{"allow":["GET"]}}],"collection":[{"href":"https:\/\/www.3p-gmbh.de\/ar\/wp-json\/wp\/v2\/product"}],"about":[{"href":"https:\/\/www.3p-gmbh.de\/ar\/wp-json\/wp\/v2\/types\/product"}],"wp:featuredmedia":[{"embeddable":true,"href":"https:\/\/www.3p-gmbh.de\/ar\/wp-json\/wp\/v2\/media\/1533"}],"wp:attachment":[{"href":"https:\/\/www.3p-gmbh.de\/ar\/wp-json\/wp\/v2\/media?parent=6887"}],"wp:term":[{"taxonomy":"product_brand","embeddable":true,"href":"https:\/\/www.3p-gmbh.de\/ar\/wp-json\/wp\/v2\/product_brand?post=6887"},{"taxonomy":"product_cat","embeddable":true,"href":"https:\/\/www.3p-gmbh.de\/ar\/wp-json\/wp\/v2\/product_cat?post=6887"},{"taxonomy":"product_tag","embeddable":true,"href":"https:\/\/www.3p-gmbh.de\/ar\/wp-json\/wp\/v2\/product_tag?post=6887"}],"curies":[{"name":"wp","href":"https:\/\/api.w.org\/{rel}","templated":true}]}}