{"id":6856,"date":"2019-07-11T13:54:02","date_gmt":"2019-07-11T13:54:02","guid":{"rendered":"http:\/\/www.3p-gmbh.de\/produkt\/highwater-torrent-rip-v6-fuer-luescher-ctp\/"},"modified":"2019-11-08T13:53:04","modified_gmt":"2019-11-08T13:53:04","slug":"highwater-torrent-rip-v6-fuer-luescher-ctp","status":"publish","type":"product","link":"https:\/\/www.3p-gmbh.de\/ar\/produkt\/highwater-torrent-rip-v6-fuer-luescher-ctp\/","title":{"rendered":"Highwater Torrent Rip V6 mit Tiff-Output (L\u00fcscher)"},"content":{"rendered":"<ul>\n<li>mit 1-Bit-Tiff-Ausgabe z. B. f\u00fcr L\u00fcscher CTP-Systeme<\/li>\n<li>Software-Version 6.0 SP 4 d<\/li>\n<li>Postscript Level III, PDF<\/li>\n<li>Input \u00fcber Hotfolder oder Apple-Talk Drucker<\/li>\n<li>Ausgabe im 1-Bit-Tiff-Format (die Ausgabe erfolgt \u00fcber Netzwerk auf Q2-Spooler, der Q2-Spooler ist nicht im Lieferumfang)<\/li>\n<li>Lieferumfang: Dongle und Installations-CD<\/li>\n<\/ul>\n","protected":false},"excerpt":{"rendered":"<p>mit 1-Bit-Tiff-Ausgabe z. B. f\u00fcr L\u00fcscher CTP-Systeme Software-Version 6.0 SP 4 d Postscript Level III, PDF Input \u00fcber Hotfolder oder Apple-Talk Drucker Ausgabe im 1-Bit-Tiff-Format (die Ausgabe erfolgt \u00fcber Netzwerk auf Q2-Spooler, der Q2-Spooler ist nicht im Lieferumfang) Lieferumfang: Dongle und Installations-CD<\/p>\n","protected":false},"featured_media":1433,"template":"","meta":[],"product_brand":[],"product_cat":[699],"product_tag":[],"class_list":{"0":"post-6856","1":"product","2":"type-product","3":"status-publish","4":"has-post-thumbnail","6":"product_cat-druckvorstufen-software","7":"pa_baujahr-127","8":"pa_hersteller-highwater-torrent","9":"pa_typ-torrent-rip","11":"first","12":"instock","13":"sold-individually","14":"taxable","15":"shipping-taxable","16":"purchasable","17":"product-type-simple"},"jetpack_sharing_enabled":true,"_links":{"self":[{"href":"https:\/\/www.3p-gmbh.de\/ar\/wp-json\/wp\/v2\/product\/6856","targetHints":{"allow":["GET"]}}],"collection":[{"href":"https:\/\/www.3p-gmbh.de\/ar\/wp-json\/wp\/v2\/product"}],"about":[{"href":"https:\/\/www.3p-gmbh.de\/ar\/wp-json\/wp\/v2\/types\/product"}],"wp:featuredmedia":[{"embeddable":true,"href":"https:\/\/www.3p-gmbh.de\/ar\/wp-json\/wp\/v2\/media\/1433"}],"wp:attachment":[{"href":"https:\/\/www.3p-gmbh.de\/ar\/wp-json\/wp\/v2\/media?parent=6856"}],"wp:term":[{"taxonomy":"product_brand","embeddable":true,"href":"https:\/\/www.3p-gmbh.de\/ar\/wp-json\/wp\/v2\/product_brand?post=6856"},{"taxonomy":"product_cat","embeddable":true,"href":"https:\/\/www.3p-gmbh.de\/ar\/wp-json\/wp\/v2\/product_cat?post=6856"},{"taxonomy":"product_tag","embeddable":true,"href":"https:\/\/www.3p-gmbh.de\/ar\/wp-json\/wp\/v2\/product_tag?post=6856"}],"curies":[{"name":"wp","href":"https:\/\/api.w.org\/{rel}","templated":true}]}}