{"id":6842,"date":"2019-07-11T13:54:02","date_gmt":"2019-07-11T13:54:02","guid":{"rendered":"http:\/\/www.3p-gmbh.de\/produkt\/filmbelichter-4\/"},"modified":"2019-11-08T13:54:53","modified_gmt":"2019-11-08T13:54:53","slug":"filmbelichter-4","status":"publish","type":"product","link":"https:\/\/www.3p-gmbh.de\/ar\/produkt\/filmbelichter-4\/","title":{"rendered":"Esko Dotmate 7500 CtP-System"},"content":{"rendered":"<p>Der DotMate 7500 ist ein hochproduktiver B2+ Belichter, auf dem alternativ herk\u00f6mmliches Filmmaterial oder Polyester-Druckplatten ausgegeben werden k\u00f6nnen.<\/p>\n<ul>\n<li>Belichtungsformat 610 mm x 750 mm<\/li>\n<li>20 vollformatige Filme pro Stunde<\/li>\n<li>Aufl\u00f6sung von 900 &#8211; 3600 dpi<\/li>\n<li>interne Bacher Stanze<\/li>\n<li>Spotgr\u00f6sse (abh\u00e4ngig von Aufl\u00f6sung) 8 &#8211; 21 micron<\/li>\n<li>Wiederholgenauigkeit +\/- 5 microns<\/li>\n<li>voll integrierter Online-Prozessor mit Entsilberung des Fixierbades, Steuerung erfolgt \u00fcber Konsole-Software auf dem Rip-Rechner<\/li>\n<li>Innentrommel-Technologie<\/li>\n<li>mit Rip<\/li>\n<\/ul>\n","protected":false},"excerpt":{"rendered":"<p>Der DotMate 7500 ist ein hochproduktiver B2+ Belichter, auf dem alternativ herk\u00f6mmliches Filmmaterial oder Polyester-Druckplatten ausgegeben werden k\u00f6nnen. Belichtungsformat 610 mm x 750 mm 20 vollformatige Filme pro Stunde Aufl\u00f6sung von 900 &#8211; 3600 dpi interne Bacher Stanze Spotgr\u00f6sse (abh\u00e4ngig von Aufl\u00f6sung) 8 &#8211; 21 micron Wiederholgenauigkeit +\/- 5 microns voll integrierter Online-Prozessor mit Entsilberung [&hellip;]<\/p>\n","protected":false},"featured_media":1383,"template":"","meta":[],"product_brand":[],"product_cat":[82],"product_tag":[],"class_list":{"0":"post-6842","1":"product","2":"type-product","3":"status-publish","4":"has-post-thumbnail","6":"product_cat-computer-to-plate-systeme","7":"pa_baujahr-123","8":"pa_hersteller-scanview-esco-graphic","9":"pa_typ-dotmate-7500","11":"first","12":"instock","13":"sold-individually","14":"taxable","15":"shipping-taxable","16":"purchasable","17":"product-type-simple"},"jetpack_sharing_enabled":true,"_links":{"self":[{"href":"https:\/\/www.3p-gmbh.de\/ar\/wp-json\/wp\/v2\/product\/6842","targetHints":{"allow":["GET"]}}],"collection":[{"href":"https:\/\/www.3p-gmbh.de\/ar\/wp-json\/wp\/v2\/product"}],"about":[{"href":"https:\/\/www.3p-gmbh.de\/ar\/wp-json\/wp\/v2\/types\/product"}],"wp:featuredmedia":[{"embeddable":true,"href":"https:\/\/www.3p-gmbh.de\/ar\/wp-json\/wp\/v2\/media\/1383"}],"wp:attachment":[{"href":"https:\/\/www.3p-gmbh.de\/ar\/wp-json\/wp\/v2\/media?parent=6842"}],"wp:term":[{"taxonomy":"product_brand","embeddable":true,"href":"https:\/\/www.3p-gmbh.de\/ar\/wp-json\/wp\/v2\/product_brand?post=6842"},{"taxonomy":"product_cat","embeddable":true,"href":"https:\/\/www.3p-gmbh.de\/ar\/wp-json\/wp\/v2\/product_cat?post=6842"},{"taxonomy":"product_tag","embeddable":true,"href":"https:\/\/www.3p-gmbh.de\/ar\/wp-json\/wp\/v2\/product_tag?post=6842"}],"curies":[{"name":"wp","href":"https:\/\/api.w.org\/{rel}","templated":true}]}}