{"id":6750,"date":"2019-07-11T13:53:16","date_gmt":"2019-07-11T13:53:16","guid":{"rendered":"http:\/\/www.3p-gmbh.de\/produkt\/feuchtwalzen-reinigungsgeraet-2\/"},"modified":"2019-09-17T11:51:58","modified_gmt":"2019-09-17T11:51:58","slug":"feuchtwalzen-reinigungsgeraet-2","status":"publish","type":"product","link":"https:\/\/www.3p-gmbh.de\/ar\/produkt\/feuchtwalzen-reinigungsgeraet-2\/","title":{"rendered":"Stamm Serie FWRA 3000 Feuchtwalzen-Reinigungsger\u00e4t"},"content":{"rendered":"<ul>\n<li>f\u00fcr 1 Walze bis 100 cm L\u00e4nge<\/li>\n<li>Reinigung der Walzenbez\u00fcge nur mit Wasser<\/li>\n<li>l\u00e4ngere Lebensdauer der Walzenbez\u00fcge<\/li>\n<li>Trocknung der Bez\u00fcge ohne manuelle Behandlung<\/li>\n<li>extrem kurze Reinigungszeit<\/li>\n<\/ul>\n","protected":false},"excerpt":{"rendered":"<p>f\u00fcr 1 Walze bis 100 cm L\u00e4nge Reinigung der Walzenbez\u00fcge nur mit Wasser l\u00e4ngere Lebensdauer der Walzenbez\u00fcge Trocknung der Bez\u00fcge ohne manuelle Behandlung extrem kurze Reinigungszeit<\/p>\n","protected":false},"featured_media":1105,"template":"","meta":[],"product_brand":[],"product_cat":[418],"product_tag":[],"class_list":{"0":"post-6750","1":"product","2":"type-product","3":"status-publish","4":"has-post-thumbnail","6":"product_cat-druckmaschinenzubehoer-und-ersatzteile","7":"pa_baujahr-165","8":"pa_hersteller-herbert-stamm","9":"pa_typ-fwra-2000","11":"first","12":"instock","13":"sold-individually","14":"taxable","15":"shipping-taxable","16":"purchasable","17":"product-type-simple"},"jetpack_sharing_enabled":true,"_links":{"self":[{"href":"https:\/\/www.3p-gmbh.de\/ar\/wp-json\/wp\/v2\/product\/6750","targetHints":{"allow":["GET"]}}],"collection":[{"href":"https:\/\/www.3p-gmbh.de\/ar\/wp-json\/wp\/v2\/product"}],"about":[{"href":"https:\/\/www.3p-gmbh.de\/ar\/wp-json\/wp\/v2\/types\/product"}],"wp:featuredmedia":[{"embeddable":true,"href":"https:\/\/www.3p-gmbh.de\/ar\/wp-json\/wp\/v2\/media\/1105"}],"wp:attachment":[{"href":"https:\/\/www.3p-gmbh.de\/ar\/wp-json\/wp\/v2\/media?parent=6750"}],"wp:term":[{"taxonomy":"product_brand","embeddable":true,"href":"https:\/\/www.3p-gmbh.de\/ar\/wp-json\/wp\/v2\/product_brand?post=6750"},{"taxonomy":"product_cat","embeddable":true,"href":"https:\/\/www.3p-gmbh.de\/ar\/wp-json\/wp\/v2\/product_cat?post=6750"},{"taxonomy":"product_tag","embeddable":true,"href":"https:\/\/www.3p-gmbh.de\/ar\/wp-json\/wp\/v2\/product_tag?post=6750"}],"curies":[{"name":"wp","href":"https:\/\/api.w.org\/{rel}","templated":true}]}}