{"id":6716,"date":"2019-07-11T13:53:00","date_gmt":"2019-07-11T13:53:00","guid":{"rendered":"http:\/\/www.3p-gmbh.de\/produkt\/cito-rsp-finishing-system\/"},"modified":"2019-09-19T09:25:37","modified_gmt":"2019-09-19T09:25:37","slug":"cito-rsp-finishing-system","status":"publish","type":"product","link":"https:\/\/www.3p-gmbh.de\/ar\/produkt\/cito-rsp-finishing-system\/","title":{"rendered":"Cito RSP Finishing-System f\u00fcr SM-52"},"content":{"rendered":"<p>Rillen, Stanzen, Anstanzen und Perforieren inline: ohne Extramaschine, ohne zus\u00e4tzliches Personal und ohne zeitaufwendige Verarbeitungsprozesse. Das RSP System eignet sich f\u00fcr die unterschiedlichsten Anforderungen: f\u00fcr Mappen und Perforationen, f\u00fcr Anstanzungen sowie anspruchsvolle Rillungen. Das RSP System ist die wirtschaftliche und schnelle Alternative zur klassischen Weiterverarbeitung Ihrer Produkte und bietet Ihnen zus\u00e4tzlich folgende Vorteile:<\/p>\n<ul>\n<li>wiederverwendbare und archivierbare Standfolie<\/li>\n<li>schneller Wechsel in der Maschine bei aufeinanderfolgenden Druckjobs<\/li>\n<li>hohe Qualit\u00e4t durch M\u00f6glichkeit der Registerverstellung<\/li>\n<\/ul>\n","protected":false},"excerpt":{"rendered":"<p>Rillen, Stanzen, Anstanzen und Perforieren inline: ohne Extramaschine, ohne zus\u00e4tzliches Personal und ohne zeitaufwendige Verarbeitungsprozesse. Das RSP System eignet sich f\u00fcr die unterschiedlichsten Anforderungen: f\u00fcr Mappen und Perforationen, f\u00fcr Anstanzungen sowie anspruchsvolle Rillungen. Das RSP System ist die wirtschaftliche und schnelle Alternative zur klassischen Weiterverarbeitung Ihrer Produkte und bietet Ihnen zus\u00e4tzlich folgende Vorteile: wiederverwendbare und [&hellip;]<\/p>\n","protected":false},"featured_media":1015,"template":"","meta":[],"product_brand":[],"product_cat":[418],"product_tag":[],"class_list":{"0":"post-6716","1":"product","2":"type-product","3":"status-publish","4":"has-post-thumbnail","6":"product_cat-druckmaschinenzubehoer-und-ersatzteile","7":"pa_baujahr-168","8":"pa_hersteller-cito","9":"pa_typ-citosystem-sm-52-dk","11":"first","12":"instock","13":"sold-individually","14":"taxable","15":"shipping-taxable","16":"purchasable","17":"product-type-simple"},"jetpack_sharing_enabled":true,"_links":{"self":[{"href":"https:\/\/www.3p-gmbh.de\/ar\/wp-json\/wp\/v2\/product\/6716","targetHints":{"allow":["GET"]}}],"collection":[{"href":"https:\/\/www.3p-gmbh.de\/ar\/wp-json\/wp\/v2\/product"}],"about":[{"href":"https:\/\/www.3p-gmbh.de\/ar\/wp-json\/wp\/v2\/types\/product"}],"wp:featuredmedia":[{"embeddable":true,"href":"https:\/\/www.3p-gmbh.de\/ar\/wp-json\/wp\/v2\/media\/1015"}],"wp:attachment":[{"href":"https:\/\/www.3p-gmbh.de\/ar\/wp-json\/wp\/v2\/media?parent=6716"}],"wp:term":[{"taxonomy":"product_brand","embeddable":true,"href":"https:\/\/www.3p-gmbh.de\/ar\/wp-json\/wp\/v2\/product_brand?post=6716"},{"taxonomy":"product_cat","embeddable":true,"href":"https:\/\/www.3p-gmbh.de\/ar\/wp-json\/wp\/v2\/product_cat?post=6716"},{"taxonomy":"product_tag","embeddable":true,"href":"https:\/\/www.3p-gmbh.de\/ar\/wp-json\/wp\/v2\/product_tag?post=6716"}],"curies":[{"name":"wp","href":"https:\/\/api.w.org\/{rel}","templated":true}]}}