{"id":6705,"date":"2019-07-11T13:53:00","date_gmt":"2019-07-11T13:53:00","guid":{"rendered":"http:\/\/www.3p-gmbh.de\/produkt\/stapelwender\/"},"modified":"2019-11-08T10:55:10","modified_gmt":"2019-11-08T10:55:10","slug":"stapelwender","status":"publish","type":"product","link":"https:\/\/www.3p-gmbh.de\/ar\/produkt\/stapelwender\/","title":{"rendered":"Busch SWH 90 LA Stapelwender"},"content":{"rendered":"<ul>\n<li>Plattform mit Druckbegrenzungsplatten<\/li>\n<li>Bel\u00fcftungseinrichtung mit Luftmengeregulierung<\/li>\n<li>Kippeinrichtung 15 Grad,mit Ausrichtelineal<\/li>\n<li>Nutzformat 600 x 750mm<\/li>\n<li>Stapelh\u00f6he max. 1200 mm<\/li>\n<li>Stapelh\u00f6he min. 290 mm<\/li>\n<li>Stapelgewicht 500 kg<\/li>\n<li>mit schwenkbarem Bedienpult<\/li>\n<\/ul>\n","protected":false},"excerpt":{"rendered":"<p>Plattform mit Druckbegrenzungsplatten Bel\u00fcftungseinrichtung mit Luftmengeregulierung Kippeinrichtung 15 Grad,mit Ausrichtelineal Nutzformat 600 x 750mm Stapelh\u00f6he max. 1200 mm Stapelh\u00f6he min. 290 mm Stapelgewicht 500 kg mit schwenkbarem Bedienpult<\/p>\n","protected":false},"featured_media":961,"template":"","meta":[],"product_brand":[],"product_cat":[1762],"product_tag":[],"class_list":{"0":"post-6705","1":"product","2":"type-product","3":"status-publish","4":"has-post-thumbnail","6":"product_cat-stapelwender","7":"pa_baujahr-188","8":"pa_hersteller-buschgraph","9":"pa_typ-swh-90-la","11":"first","12":"instock","13":"sold-individually","14":"taxable","15":"shipping-taxable","16":"purchasable","17":"product-type-simple"},"jetpack_sharing_enabled":true,"_links":{"self":[{"href":"https:\/\/www.3p-gmbh.de\/ar\/wp-json\/wp\/v2\/product\/6705","targetHints":{"allow":["GET"]}}],"collection":[{"href":"https:\/\/www.3p-gmbh.de\/ar\/wp-json\/wp\/v2\/product"}],"about":[{"href":"https:\/\/www.3p-gmbh.de\/ar\/wp-json\/wp\/v2\/types\/product"}],"wp:featuredmedia":[{"embeddable":true,"href":"https:\/\/www.3p-gmbh.de\/ar\/wp-json\/wp\/v2\/media\/961"}],"wp:attachment":[{"href":"https:\/\/www.3p-gmbh.de\/ar\/wp-json\/wp\/v2\/media?parent=6705"}],"wp:term":[{"taxonomy":"product_brand","embeddable":true,"href":"https:\/\/www.3p-gmbh.de\/ar\/wp-json\/wp\/v2\/product_brand?post=6705"},{"taxonomy":"product_cat","embeddable":true,"href":"https:\/\/www.3p-gmbh.de\/ar\/wp-json\/wp\/v2\/product_cat?post=6705"},{"taxonomy":"product_tag","embeddable":true,"href":"https:\/\/www.3p-gmbh.de\/ar\/wp-json\/wp\/v2\/product_tag?post=6705"}],"curies":[{"name":"wp","href":"https:\/\/api.w.org\/{rel}","templated":true}]}}