{"id":6602,"date":"2019-07-11T13:52:01","date_gmt":"2019-07-11T13:52:01","guid":{"rendered":"http:\/\/www.3p-gmbh.de\/produkt\/serienpacker-2\/"},"modified":"2019-09-24T11:37:51","modified_gmt":"2019-09-24T11:37:51","slug":"serienpacker-2","status":"publish","type":"product","link":"https:\/\/www.3p-gmbh.de\/ar\/produkt\/serienpacker-2\/","title":{"rendered":"Hugo Beck SX 1750 Serienpacker"},"content":{"rendered":"<ul>\n<li>Arbeitsbereich verstellbar von 170 -500mm (bei Verwendung eines 150mm breiten Einlaufgurtes)<\/li>\n<li>max. Packguth\u00f6he bis 100mm, abh\u00e4ngig von Art, Format und Folienqualit\u00e4t des Produktes<\/li>\n<li>Produktl\u00e4nge variabel ohne Verstellung<\/li>\n<\/ul>\n","protected":false},"excerpt":{"rendered":"<p>Arbeitsbereich verstellbar von 170 -500mm (bei Verwendung eines 150mm breiten Einlaufgurtes) max. Packguth\u00f6he bis 100mm, abh\u00e4ngig von Art, Format und Folienqualit\u00e4t des Produktes Produktl\u00e4nge variabel ohne Verstellung<\/p>\n","protected":false},"featured_media":523,"template":"","meta":[],"product_brand":[],"product_cat":[76],"product_tag":[],"class_list":{"0":"post-6602","1":"product","2":"type-product","3":"status-publish","4":"has-post-thumbnail","6":"product_cat-folienverpackung-und-straffpacker","7":"pa_baujahr-168","8":"pa_hersteller-beck","9":"pa_typ-sx-1750","11":"first","12":"instock","13":"sold-individually","14":"taxable","15":"shipping-taxable","16":"purchasable","17":"product-type-simple"},"jetpack_sharing_enabled":true,"_links":{"self":[{"href":"https:\/\/www.3p-gmbh.de\/ar\/wp-json\/wp\/v2\/product\/6602","targetHints":{"allow":["GET"]}}],"collection":[{"href":"https:\/\/www.3p-gmbh.de\/ar\/wp-json\/wp\/v2\/product"}],"about":[{"href":"https:\/\/www.3p-gmbh.de\/ar\/wp-json\/wp\/v2\/types\/product"}],"wp:featuredmedia":[{"embeddable":true,"href":"https:\/\/www.3p-gmbh.de\/ar\/wp-json\/wp\/v2\/media\/523"}],"wp:attachment":[{"href":"https:\/\/www.3p-gmbh.de\/ar\/wp-json\/wp\/v2\/media?parent=6602"}],"wp:term":[{"taxonomy":"product_brand","embeddable":true,"href":"https:\/\/www.3p-gmbh.de\/ar\/wp-json\/wp\/v2\/product_brand?post=6602"},{"taxonomy":"product_cat","embeddable":true,"href":"https:\/\/www.3p-gmbh.de\/ar\/wp-json\/wp\/v2\/product_cat?post=6602"},{"taxonomy":"product_tag","embeddable":true,"href":"https:\/\/www.3p-gmbh.de\/ar\/wp-json\/wp\/v2\/product_tag?post=6602"}],"curies":[{"name":"wp","href":"https:\/\/api.w.org\/{rel}","templated":true}]}}