{"id":6571,"date":"2019-07-11T13:51:44","date_gmt":"2019-07-11T13:51:44","guid":{"rendered":"http:\/\/www.3p-gmbh.de\/produkt\/halbautomatischer-haubenschrumpfer\/"},"modified":"2020-03-26T10:38:09","modified_gmt":"2020-03-26T10:38:09","slug":"halbautomatischer-haubenschrumpfer","status":"publish","type":"product","link":"https:\/\/www.3p-gmbh.de\/ar\/produkt\/halbautomatischer-haubenschrumpfer\/","title":{"rendered":"Torre Minipack FM 76 A Digit halbautomatischer Haubenschrumpfer"},"content":{"rendered":"<ul>\n<li>Schwei\u00dfrahmenabmessung 52 x 38 cm<\/li>\n<li>max. Produkth\u00f6he 260 mm<\/li>\n<li>stromsparend dank niedriger Schwei\u00dftemperatur<\/li>\n<\/ul>\n<p>Dieses kompakte Schwei\u00df- und Schrumpfger\u00e4t verf\u00fcgt \u00fcber eine sehr gute Verpackungsleistung, ist schnell arbeitsbereit und leicht zu bedienen. Es ist geignet vor allem f\u00fcr kleinere und mittlere Mengen bis 300 St\u00fcck pro Stunde an Folienverpackungen.<\/p>\n","protected":false},"excerpt":{"rendered":"<p>Schwei\u00dfrahmenabmessung 52 x 38 cm max. Produkth\u00f6he 260 mm stromsparend dank niedriger Schwei\u00dftemperatur Dieses kompakte Schwei\u00df- und Schrumpfger\u00e4t verf\u00fcgt \u00fcber eine sehr gute Verpackungsleistung, ist schnell arbeitsbereit und leicht zu bedienen. Es ist geignet vor allem f\u00fcr kleinere und mittlere Mengen bis 300 St\u00fcck pro Stunde an Folienverpackungen.<\/p>\n","protected":false},"featured_media":391,"template":"","meta":[],"product_brand":[],"product_cat":[76],"product_tag":[],"class_list":{"0":"post-6571","1":"product","2":"type-product","3":"status-publish","4":"has-post-thumbnail","6":"product_cat-folienverpackung-und-straffpacker","7":"pa_baujahr-143","8":"pa_hersteller-torre-minipack","9":"pa_typ-fm-76a-digit","11":"first","12":"instock","13":"sold-individually","14":"taxable","15":"shipping-taxable","16":"purchasable","17":"product-type-simple"},"jetpack_sharing_enabled":true,"_links":{"self":[{"href":"https:\/\/www.3p-gmbh.de\/ar\/wp-json\/wp\/v2\/product\/6571","targetHints":{"allow":["GET"]}}],"collection":[{"href":"https:\/\/www.3p-gmbh.de\/ar\/wp-json\/wp\/v2\/product"}],"about":[{"href":"https:\/\/www.3p-gmbh.de\/ar\/wp-json\/wp\/v2\/types\/product"}],"wp:featuredmedia":[{"embeddable":true,"href":"https:\/\/www.3p-gmbh.de\/ar\/wp-json\/wp\/v2\/media\/391"}],"wp:attachment":[{"href":"https:\/\/www.3p-gmbh.de\/ar\/wp-json\/wp\/v2\/media?parent=6571"}],"wp:term":[{"taxonomy":"product_brand","embeddable":true,"href":"https:\/\/www.3p-gmbh.de\/ar\/wp-json\/wp\/v2\/product_brand?post=6571"},{"taxonomy":"product_cat","embeddable":true,"href":"https:\/\/www.3p-gmbh.de\/ar\/wp-json\/wp\/v2\/product_cat?post=6571"},{"taxonomy":"product_tag","embeddable":true,"href":"https:\/\/www.3p-gmbh.de\/ar\/wp-json\/wp\/v2\/product_tag?post=6571"}],"curies":[{"name":"wp","href":"https:\/\/api.w.org\/{rel}","templated":true}]}}