{"id":53122,"date":"2023-04-05T23:01:48","date_gmt":"2023-04-05T23:01:48","guid":{"rendered":"https:\/\/www.3p-gmbh.de\/produkt\/8up-thermal-ctp-heidelberg-suprasetter-105-mit-mcl-und-prinect-metashooter-11\/"},"modified":"2023-04-05T23:01:48","modified_gmt":"2023-04-05T23:01:48","slug":"8up-thermal-ctp-heidelberg-suprasetter-105-mit-mcl-und-prinect-metashooter-11","status":"publish","type":"product","link":"https:\/\/www.3p-gmbh.de\/ar\/produkt\/8up-thermal-ctp-heidelberg-suprasetter-105-mit-mcl-und-prinect-metashooter-11\/","title":{"rendered":"8up thermal ctp Heidelberg Suprasetter 105 mit MCL und Prinect Metashooter 11"},"content":{"rendered":"<p><strong>8up thermal ctp Heidelberg Suprasetter 105 mit MCL und Prinect Metashooter 11<br \/>\nBaujahr 2009 in gut laufendem Zustand<br \/>\n<\/strong><br \/>\nVier thermische Laser 830nm mit 8704 Belichtungsstunden<br \/>\nGeschwindigkeit ca. 18 Platten pro Stunde<br \/>\nMultikassette f\u00fcr 4 x 100 Platten mit Papier<br \/>\nInnenstanze Heidelberg Autoplate Gr\u00f6\u00dfe SM 102, CD 105 und XL 106<\/p>\n<p>Advant PST 36 L Plattenstapler<\/p>\n","protected":false},"excerpt":{"rendered":"<p>8up thermal ctp Heidelberg Suprasetter 105 mit MCL und Prinect Metashooter 11 Baujahr 2009 in gut laufendem Zustand Vier thermische Laser 830nm mit 8704 Belichtungsstunden Geschwindigkeit ca. 18 Platten pro Stunde Multikassette f\u00fcr 4 x 100 Platten mit Papier Innenstanze Heidelberg Autoplate Gr\u00f6\u00dfe SM 102, CD 105 und XL 106 Advant PST 36 L Plattenstapler<\/p>\n","protected":false},"featured_media":53103,"template":"","meta":[],"product_brand":[],"product_cat":[15,82],"product_tag":[],"class_list":{"0":"post-53122","1":"product","2":"type-product","3":"status-publish","4":"has-post-thumbnail","6":"product_cat-unkategorisiert","7":"product_cat-computer-to-plate-systeme","8":"pa_hersteller-heidelberg","9":"pa_typ-suprasetter-105","11":"first","12":"instock","13":"taxable","14":"shipping-taxable","15":"product-type-simple"},"jetpack_sharing_enabled":true,"_links":{"self":[{"href":"https:\/\/www.3p-gmbh.de\/ar\/wp-json\/wp\/v2\/product\/53122","targetHints":{"allow":["GET"]}}],"collection":[{"href":"https:\/\/www.3p-gmbh.de\/ar\/wp-json\/wp\/v2\/product"}],"about":[{"href":"https:\/\/www.3p-gmbh.de\/ar\/wp-json\/wp\/v2\/types\/product"}],"wp:featuredmedia":[{"embeddable":true,"href":"https:\/\/www.3p-gmbh.de\/ar\/wp-json\/wp\/v2\/media\/53103"}],"wp:attachment":[{"href":"https:\/\/www.3p-gmbh.de\/ar\/wp-json\/wp\/v2\/media?parent=53122"}],"wp:term":[{"taxonomy":"product_brand","embeddable":true,"href":"https:\/\/www.3p-gmbh.de\/ar\/wp-json\/wp\/v2\/product_brand?post=53122"},{"taxonomy":"product_cat","embeddable":true,"href":"https:\/\/www.3p-gmbh.de\/ar\/wp-json\/wp\/v2\/product_cat?post=53122"},{"taxonomy":"product_tag","embeddable":true,"href":"https:\/\/www.3p-gmbh.de\/ar\/wp-json\/wp\/v2\/product_tag?post=53122"}],"curies":[{"name":"wp","href":"https:\/\/api.w.org\/{rel}","templated":true}]}}