{"id":15778,"date":"2019-11-07T15:02:27","date_gmt":"2019-11-07T15:02:27","guid":{"rendered":"http:\/\/www.3p-gmbh.de\/?post_type=product&#038;p=15778"},"modified":"2020-04-15T14:21:36","modified_gmt":"2020-04-15T14:21:36","slug":"graphic-whizard-creasemaster-pro-mit-saugluftanleger","status":"publish","type":"product","link":"https:\/\/www.3p-gmbh.de\/ar\/produkt\/graphic-whizard-creasemaster-pro-mit-saugluftanleger\/","title":{"rendered":"Graphic Whizard CreaseMaster Pro mit Saugluftanleger"},"content":{"rendered":"<p>Rillen &#8211; Nuten &#8211; Perforieren &#8211; Anschlitzen &#8211; Schneiden<\/p>\n<p>Das Rillen veredelter Drucke vor dem Falzen gewinnt immer mehr an Bedeutung.<br \/>\nInsbesondere bei Digitaldrucken ist beim Falzen ein vorheriges, sachgem\u00e4\u00dfes Rillen unabdingbar,<br \/>\num das Aufbrechen der Farbe und des Papiers an der Falzkante zu verhindern.<\/p>\n<p>Die CreaseMaster arbeitet nach der traditionellen Technik mit Rill-\/Nut-Balken,<br \/>\ndie durch einstellbaren Druck das Papier an der Falzkante verdichten und somit ein Aufbrechen des Papiers beim Falzen verhindern.<\/p>\n<p>Blitzschnelles Einrichten \u00fcber TouchScreen und die M\u00f6glichkeit, mit 2 Werkzeugbalken bis zu 10 Rillen pro Bogen automatisch aufzubringen<br \/>\n&#8211; gleichzeitig von oben und\/oder unten und je nach Bedarf mit schmaler oder breiter Rille.<br \/>\nDer Mindestabstand von Rille zu Rille betr\u00e4gt 1 mm.<\/p>\n<p>Einer der beiden Nutbalken ist gegen einen Balken mit Perforation austauschbar, sodass in einem Arbeitsgang gleichzeitig die Bogen gerillt und perforiert werden k\u00f6nnen.<br \/>\nWiederkehrende Auftr\u00e4ge werden gespeichert und in Sekundenschnelle abgerufen.<br \/>\nZugleich und unabh\u00e4ngig vom Balken-Rillen, k\u00f6nnen mit rotierenden Werkzeugr\u00e4dern am Papiereinlauf,<br \/>\nzus\u00e4tzliche Arbeitsg\u00e4nge ausgef\u00fchrt werden: Rillen, Perforieren, Anschlitzen.<\/p>\n<p>Der Lieferumfang beinhaltet eine Druck-Vakuum-Pumpe sowie einen Werkzeughalter mit 2 Werkzeugen.<\/p>\n<p>Technische Daten<br \/>\nFormat min. 30 x 127 mm<br \/>\nFormat max. 457 x 960 mm<br \/>\nLeistung\/h max. 4.200 Bogen (DIN A4 quer)<br \/>\nPapiergewicht 45 &#8211; 500 g\/qm<\/p>\n","protected":false},"excerpt":{"rendered":"<p>Rillen &#8211; Nuten &#8211; Perforieren &#8211; Anschlitzen &#8211; Schneiden Das Rillen veredelter Drucke vor dem Falzen gewinnt immer mehr an Bedeutung. Insbesondere bei Digitaldrucken ist beim Falzen ein vorheriges, sachgem\u00e4\u00dfes Rillen unabdingbar, um das Aufbrechen der Farbe und des Papiers an der Falzkante zu verhindern. Die CreaseMaster arbeitet nach der traditionellen Technik mit Rill-\/Nut-Balken, die [&hellip;]<\/p>\n","protected":false},"featured_media":15781,"template":"","meta":[],"product_brand":[],"product_cat":[83],"product_tag":[],"class_list":{"0":"post-15778","1":"product","2":"type-product","3":"status-publish","4":"has-post-thumbnail","6":"product_cat-falzmaschinen","7":"pa_hersteller-graphic-whizard","8":"pa_typ-creasemaster-pro","10":"first","11":"instock","12":"taxable","13":"shipping-taxable","14":"purchasable","15":"product-type-simple"},"jetpack_sharing_enabled":true,"_links":{"self":[{"href":"https:\/\/www.3p-gmbh.de\/ar\/wp-json\/wp\/v2\/product\/15778","targetHints":{"allow":["GET"]}}],"collection":[{"href":"https:\/\/www.3p-gmbh.de\/ar\/wp-json\/wp\/v2\/product"}],"about":[{"href":"https:\/\/www.3p-gmbh.de\/ar\/wp-json\/wp\/v2\/types\/product"}],"wp:featuredmedia":[{"embeddable":true,"href":"https:\/\/www.3p-gmbh.de\/ar\/wp-json\/wp\/v2\/media\/15781"}],"wp:attachment":[{"href":"https:\/\/www.3p-gmbh.de\/ar\/wp-json\/wp\/v2\/media?parent=15778"}],"wp:term":[{"taxonomy":"product_brand","embeddable":true,"href":"https:\/\/www.3p-gmbh.de\/ar\/wp-json\/wp\/v2\/product_brand?post=15778"},{"taxonomy":"product_cat","embeddable":true,"href":"https:\/\/www.3p-gmbh.de\/ar\/wp-json\/wp\/v2\/product_cat?post=15778"},{"taxonomy":"product_tag","embeddable":true,"href":"https:\/\/www.3p-gmbh.de\/ar\/wp-json\/wp\/v2\/product_tag?post=15778"}],"curies":[{"name":"wp","href":"https:\/\/api.w.org\/{rel}","templated":true}]}}