{"id":15477,"date":"2019-11-05T15:30:36","date_gmt":"2019-11-05T15:30:36","guid":{"rendered":"http:\/\/www.3p-gmbh.de\/?post_type=product&#038;p=15477"},"modified":"2021-10-15T20:42:16","modified_gmt":"2021-10-15T20:42:16","slug":"minipack-torre-visonbag-foileneinschlagmaschine","status":"publish","type":"product","link":"https:\/\/www.3p-gmbh.de\/ar\/produkt\/minipack-torre-visonbag-foileneinschlagmaschine\/","title":{"rendered":"Minipack Torre Visonbag Foileneinschlagmaschine"},"content":{"rendered":"<div>\n<p>Die einfache Art der Verpackung von Broschueren und Zeitschriften.<br \/>\nVerpackt Einzelblaetter und bis zu 16mm dicke Materialien wie Zeitschriften schnell, handlich und kosteng\u00fcnstig pro Stunde ca. 1000 St\u00fcck<\/p>\n<p>Das Produkte wird oben manuell in die Folienformschulter eingelegt und fallen gelassen<br \/>\nwobei die Produktl\u00e4nge durch Photozellen automatisch erfasst wird.<br \/>\nDas eingepackte Produkt f\u00e4llt unten in ein Ablagefach.<\/p>\n<\/div>\n<div><\/div>\n<p>&nbsp;<\/p>\n","protected":false},"excerpt":{"rendered":"<p>Die einfache Art der Verpackung von Broschueren und Zeitschriften. Verpackt Einzelblaetter und bis zu 16mm dicke Materialien wie Zeitschriften schnell, handlich und kosteng\u00fcnstig pro Stunde ca. 1000 St\u00fcck Das Produkte wird oben manuell in die Folienformschulter eingelegt und fallen gelassen wobei die Produktl\u00e4nge durch Photozellen automatisch erfasst wird. Das eingepackte Produkt f\u00e4llt unten in ein [&hellip;]<\/p>\n","protected":false},"featured_media":41060,"template":"","meta":[],"product_brand":[],"product_cat":[76],"product_tag":[],"class_list":{"0":"post-15477","1":"product","2":"type-product","3":"status-publish","4":"has-post-thumbnail","6":"product_cat-folienverpackung-und-straffpacker","7":"pa_hersteller-torre-minipack","8":"pa_typ-visonbag","10":"first","11":"instock","12":"taxable","13":"shipping-taxable","14":"purchasable","15":"product-type-simple"},"jetpack_sharing_enabled":true,"_links":{"self":[{"href":"https:\/\/www.3p-gmbh.de\/ar\/wp-json\/wp\/v2\/product\/15477","targetHints":{"allow":["GET"]}}],"collection":[{"href":"https:\/\/www.3p-gmbh.de\/ar\/wp-json\/wp\/v2\/product"}],"about":[{"href":"https:\/\/www.3p-gmbh.de\/ar\/wp-json\/wp\/v2\/types\/product"}],"wp:featuredmedia":[{"embeddable":true,"href":"https:\/\/www.3p-gmbh.de\/ar\/wp-json\/wp\/v2\/media\/41060"}],"wp:attachment":[{"href":"https:\/\/www.3p-gmbh.de\/ar\/wp-json\/wp\/v2\/media?parent=15477"}],"wp:term":[{"taxonomy":"product_brand","embeddable":true,"href":"https:\/\/www.3p-gmbh.de\/ar\/wp-json\/wp\/v2\/product_brand?post=15477"},{"taxonomy":"product_cat","embeddable":true,"href":"https:\/\/www.3p-gmbh.de\/ar\/wp-json\/wp\/v2\/product_cat?post=15477"},{"taxonomy":"product_tag","embeddable":true,"href":"https:\/\/www.3p-gmbh.de\/ar\/wp-json\/wp\/v2\/product_tag?post=15477"}],"curies":[{"name":"wp","href":"https:\/\/api.w.org\/{rel}","templated":true}]}}