{"id":15426,"date":"2019-11-05T14:24:19","date_gmt":"2019-11-05T14:24:19","guid":{"rendered":"http:\/\/www.3p-gmbh.de\/?post_type=product&#038;p=15426"},"modified":"2020-04-15T14:20:08","modified_gmt":"2020-04-15T14:20:08","slug":"technotrans-4-pneumatische-farbpumpen-fuer-200kg-faesser","status":"publish","type":"product","link":"https:\/\/www.3p-gmbh.de\/ar\/produkt\/technotrans-4-pneumatische-farbpumpen-fuer-200kg-faesser\/","title":{"rendered":"Technotrans 4 Pneumatische Farbpumpen f\u00fcr 200kg F\u00e4sser"},"content":{"rendered":"<p>\u00dcbersetzung 21:1<br \/>\n8 bar<br \/>\nmax. F\u00f6rdermenge ca. 3,4 kg\/min<\/p>\n<p>Bei Herstellung einer Farbrohrleitung ist die direkte Versorgung von Bogen-, Rollenrotationsmaschinen mit mittleren und hochviskosen Druckfarben m\u00f6glich<\/p>\n","protected":false},"excerpt":{"rendered":"<p>\u00dcbersetzung 21:1 8 bar max. F\u00f6rdermenge ca. 3,4 kg\/min Bei Herstellung einer Farbrohrleitung ist die direkte Versorgung von Bogen-, Rollenrotationsmaschinen mit mittleren und hochviskosen Druckfarben m\u00f6glich<\/p>\n","protected":false},"featured_media":15427,"template":"","meta":[],"product_brand":[],"product_cat":[418],"product_tag":[],"class_list":{"0":"post-15426","1":"product","2":"type-product","3":"status-publish","4":"has-post-thumbnail","6":"product_cat-druckmaschinenzubehoer-und-ersatzteile","7":"pa_hersteller-technotrans","9":"first","10":"instock","11":"taxable","12":"shipping-taxable","13":"purchasable","14":"product-type-simple"},"jetpack_sharing_enabled":true,"_links":{"self":[{"href":"https:\/\/www.3p-gmbh.de\/ar\/wp-json\/wp\/v2\/product\/15426","targetHints":{"allow":["GET"]}}],"collection":[{"href":"https:\/\/www.3p-gmbh.de\/ar\/wp-json\/wp\/v2\/product"}],"about":[{"href":"https:\/\/www.3p-gmbh.de\/ar\/wp-json\/wp\/v2\/types\/product"}],"wp:featuredmedia":[{"embeddable":true,"href":"https:\/\/www.3p-gmbh.de\/ar\/wp-json\/wp\/v2\/media\/15427"}],"wp:attachment":[{"href":"https:\/\/www.3p-gmbh.de\/ar\/wp-json\/wp\/v2\/media?parent=15426"}],"wp:term":[{"taxonomy":"product_brand","embeddable":true,"href":"https:\/\/www.3p-gmbh.de\/ar\/wp-json\/wp\/v2\/product_brand?post=15426"},{"taxonomy":"product_cat","embeddable":true,"href":"https:\/\/www.3p-gmbh.de\/ar\/wp-json\/wp\/v2\/product_cat?post=15426"},{"taxonomy":"product_tag","embeddable":true,"href":"https:\/\/www.3p-gmbh.de\/ar\/wp-json\/wp\/v2\/product_tag?post=15426"}],"curies":[{"name":"wp","href":"https:\/\/api.w.org\/{rel}","templated":true}]}}