{"id":15362,"date":"2019-11-05T11:36:32","date_gmt":"2019-11-05T11:36:32","guid":{"rendered":"http:\/\/www.3p-gmbh.de\/?post_type=product&#038;p=15362"},"modified":"2020-04-15T14:20:09","modified_gmt":"2020-04-15T14:20:09","slug":"automatische-band-umreifungsmaschine-exs-108","status":"publish","type":"product","link":"https:\/\/www.3p-gmbh.de\/ar\/produkt\/automatische-band-umreifungsmaschine-exs-108\/","title":{"rendered":"Automatische Band-Umreifungsmaschine EXS-108"},"content":{"rendered":"<p>Diese mikroprozessorgesteuerte automatische Rahmenumreifungsmaschine ist aufgrund ihrer robusten Bauart, der einfachen Bedienung und Handhabung,<br \/>\nihrer Leistungsst\u00e4rke und ihrer vielf\u00e4ltigen Rahmengr\u00f6\u00dfen besonders f\u00fcr den individuellen Einsatz bei oft wechselnden Paketgr\u00f6\u00dfen geeignet.<\/p>\n<p>Rahmenabmessung: 850 x 600 mm<br \/>\n&#8211; Mikroprozessorgesteuert<br \/>\n&#8211; Integrierter Bandspeicher<br \/>\n&#8211; Energiesparende Auslegung &#8211; Motor l\u00e4uft nur w\u00e4hrend der Umreifungsvorg\u00e4nge<br \/>\n&#8211; Au\u00dfen liegende Bandspulenaufnahme f\u00fcr schnellen Bandwechsel<br \/>\n&#8211; Kompakte Maschine, einfache Bedienung<br \/>\n&#8211; Motor stoppt automatisch nach Beendigung des Umreifungsvorganges<br \/>\n&#8211; integrierte Rollen in der Tischplatte<br \/>\n&#8211; Maschinenstart \u00fcber: Ausl\u00f6serolle in Tischplatte, Starttaster oder Fu\u00dfpedal<br \/>\n&#8211; Maschine mit CE-Kennzeichen<\/p>\n<p>Abmessungen:<br \/>\nRahmengr\u00f6\u00dfe 850 x 600 mm<br \/>\nLeistung 26 Umreifungen\/min.<br \/>\nL\u00e4nge 1.450 mm<br \/>\nBreite 650 mm<br \/>\nH\u00f6he 1.500 mm<br \/>\nTischh\u00f6he 820 mm<br \/>\nGewicht 230 kg<br \/>\nKernaufnahme 200 mm<br \/>\nBandeinstellung 8 bis 15 mm, eingestellt auf 12mm<br \/>\nautomaten\u00fcbliche PP B\u00e4nder<br \/>\nelektr. Anschluss 230 V, 50 Hz, 1 Ph+N+PE<\/p>\n","protected":false},"excerpt":{"rendered":"<p>Diese mikroprozessorgesteuerte automatische Rahmenumreifungsmaschine ist aufgrund ihrer robusten Bauart, der einfachen Bedienung und Handhabung, ihrer Leistungsst\u00e4rke und ihrer vielf\u00e4ltigen Rahmengr\u00f6\u00dfen besonders f\u00fcr den individuellen Einsatz bei oft wechselnden Paketgr\u00f6\u00dfen geeignet. Rahmenabmessung: 850 x 600 mm &#8211; Mikroprozessorgesteuert &#8211; Integrierter Bandspeicher &#8211; Energiesparende Auslegung &#8211; Motor l\u00e4uft nur w\u00e4hrend der Umreifungsvorg\u00e4nge &#8211; Au\u00dfen liegende Bandspulenaufnahme f\u00fcr [&hellip;]<\/p>\n","protected":false},"featured_media":15363,"template":"","meta":[],"product_brand":[],"product_cat":[166],"product_tag":[],"class_list":{"0":"post-15362","1":"product","2":"type-product","3":"status-publish","4":"has-post-thumbnail","6":"product_cat-umreifungsmaschinen","7":"pa_typ-exs-108","9":"first","10":"instock","11":"taxable","12":"shipping-taxable","13":"purchasable","14":"product-type-simple"},"jetpack_sharing_enabled":true,"_links":{"self":[{"href":"https:\/\/www.3p-gmbh.de\/ar\/wp-json\/wp\/v2\/product\/15362","targetHints":{"allow":["GET"]}}],"collection":[{"href":"https:\/\/www.3p-gmbh.de\/ar\/wp-json\/wp\/v2\/product"}],"about":[{"href":"https:\/\/www.3p-gmbh.de\/ar\/wp-json\/wp\/v2\/types\/product"}],"wp:featuredmedia":[{"embeddable":true,"href":"https:\/\/www.3p-gmbh.de\/ar\/wp-json\/wp\/v2\/media\/15363"}],"wp:attachment":[{"href":"https:\/\/www.3p-gmbh.de\/ar\/wp-json\/wp\/v2\/media?parent=15362"}],"wp:term":[{"taxonomy":"product_brand","embeddable":true,"href":"https:\/\/www.3p-gmbh.de\/ar\/wp-json\/wp\/v2\/product_brand?post=15362"},{"taxonomy":"product_cat","embeddable":true,"href":"https:\/\/www.3p-gmbh.de\/ar\/wp-json\/wp\/v2\/product_cat?post=15362"},{"taxonomy":"product_tag","embeddable":true,"href":"https:\/\/www.3p-gmbh.de\/ar\/wp-json\/wp\/v2\/product_tag?post=15362"}],"curies":[{"name":"wp","href":"https:\/\/api.w.org\/{rel}","templated":true}]}}