{"id":15209,"date":"2019-11-05T09:26:04","date_gmt":"2019-11-05T09:26:04","guid":{"rendered":"http:\/\/www.3p-gmbh.de\/?post_type=product&#038;p=15209"},"modified":"2020-04-15T14:19:13","modified_gmt":"2020-04-15T14:19:13","slug":"faelzelgeraet-matador-42-perfekt-elektromatic-mit-bandabroller","status":"publish","type":"product","link":"https:\/\/www.3p-gmbh.de\/ar\/produkt\/faelzelgeraet-matador-42-perfekt-elektromatic-mit-bandabroller\/","title":{"rendered":"Matator 42 F\u00e4lzelger\u00e4t perfekt Elektromatic mit Bandabroller"},"content":{"rendered":"<p>bietet viele F\u00e4lzelm\u00f6glichkeiten:<\/p>\n<p>Kleinste Blockr\u00fcckenbreite 2,5 mm<br \/>\nGr\u00f6\u00dfte Blockr\u00fcckenbreite 25 mm<br \/>\nGr\u00f6\u00dfte Blockl\u00e4nge 420 mm<br \/>\nKleinste Bandbreite 15 mm<br \/>\nGr\u00f6\u00dfte Bandbreite 50 mm<\/p>\n<ul>\n<li>F\u00e4lzelbandumschlag einstellbar<\/li>\n<li>absolut geradlinige F\u00e4lzelbandf\u00fchrung<\/li>\n<li>hinterer F\u00e4lzelbandumschlag an einer Skala genau einstellbar<\/li>\n<li>b\u00fcndiger F\u00e4lzelb\u00e4ndabschnitt<\/li>\n<li>Nachschneiden nicht mehr erforderlich<\/li>\n<li>f\u00fcr besonders hohe Leistung<\/li>\n<li>Abschnitt und Spannen durch Elektromagnet<\/li>\n<li>F\u00e4lzelb\u00e4ndabschnitt haargenau durch leichte Ber\u00fchrung des Blocks am Mikroschalter<\/li>\n<li>das F\u00e4lzelger\u00e4t mit vollautomatischer Abschneidevorrichtung<\/li>\n<\/ul>\n","protected":false},"excerpt":{"rendered":"<p>bietet viele F\u00e4lzelm\u00f6glichkeiten: Kleinste Blockr\u00fcckenbreite 2,5 mm Gr\u00f6\u00dfte Blockr\u00fcckenbreite 25 mm Gr\u00f6\u00dfte Blockl\u00e4nge 420 mm Kleinste Bandbreite 15 mm Gr\u00f6\u00dfte Bandbreite 50 mm F\u00e4lzelbandumschlag einstellbar absolut geradlinige F\u00e4lzelbandf\u00fchrung hinterer F\u00e4lzelbandumschlag an einer Skala genau einstellbar b\u00fcndiger F\u00e4lzelb\u00e4ndabschnitt Nachschneiden nicht mehr erforderlich f\u00fcr besonders hohe Leistung Abschnitt und Spannen durch Elektromagnet F\u00e4lzelb\u00e4ndabschnitt haargenau durch leichte Ber\u00fchrung [&hellip;]<\/p>\n","protected":false},"featured_media":15218,"template":"","meta":[],"product_brand":[],"product_cat":[1764],"product_tag":[],"class_list":{"0":"post-15209","1":"product","2":"type-product","3":"status-publish","4":"has-post-thumbnail","6":"product_cat-sortimentsbuchbinderei","7":"pa_hersteller-matador","9":"first","10":"instock","11":"taxable","12":"shipping-taxable","13":"purchasable","14":"product-type-simple"},"jetpack_sharing_enabled":true,"_links":{"self":[{"href":"https:\/\/www.3p-gmbh.de\/ar\/wp-json\/wp\/v2\/product\/15209","targetHints":{"allow":["GET"]}}],"collection":[{"href":"https:\/\/www.3p-gmbh.de\/ar\/wp-json\/wp\/v2\/product"}],"about":[{"href":"https:\/\/www.3p-gmbh.de\/ar\/wp-json\/wp\/v2\/types\/product"}],"wp:featuredmedia":[{"embeddable":true,"href":"https:\/\/www.3p-gmbh.de\/ar\/wp-json\/wp\/v2\/media\/15218"}],"wp:attachment":[{"href":"https:\/\/www.3p-gmbh.de\/ar\/wp-json\/wp\/v2\/media?parent=15209"}],"wp:term":[{"taxonomy":"product_brand","embeddable":true,"href":"https:\/\/www.3p-gmbh.de\/ar\/wp-json\/wp\/v2\/product_brand?post=15209"},{"taxonomy":"product_cat","embeddable":true,"href":"https:\/\/www.3p-gmbh.de\/ar\/wp-json\/wp\/v2\/product_cat?post=15209"},{"taxonomy":"product_tag","embeddable":true,"href":"https:\/\/www.3p-gmbh.de\/ar\/wp-json\/wp\/v2\/product_tag?post=15209"}],"curies":[{"name":"wp","href":"https:\/\/api.w.org\/{rel}","templated":true}]}}