{"id":14937,"date":"2019-11-04T13:40:31","date_gmt":"2019-11-04T13:40:31","guid":{"rendered":"http:\/\/www.3p-gmbh.de\/?post_type=product&#038;p=14937"},"modified":"2020-04-15T14:18:14","modified_gmt":"2020-04-15T14:18:14","slug":"leibinger-buchdruck-numerierwerke","status":"publish","type":"product","link":"https:\/\/www.3p-gmbh.de\/ar\/produkt\/leibinger-buchdruck-numerierwerke\/","title":{"rendered":"Leibinger Buchdruck-Numerierwerke"},"content":{"rendered":"<ul>\n<li>Ganzstahl-Ausf\u00fchrung<\/li>\n<li>4&#215;8 cicero<\/li>\n<li>6-stellig Ziffernh\u00f6he 4 mm<\/li>\n<li>Plungerzeichen Stern<\/li>\n<li>R\u00fcckw\u00e4rtsz\u00e4hlend<\/li>\n<li>im Ultraschallbad gereinigt<\/li>\n<\/ul>\n<p>Auf Anfrage auch andere Ausf\u00fchrungen verf\u00fcgbar.<\/p>\n","protected":false},"excerpt":{"rendered":"<p>Ganzstahl-Ausf\u00fchrung 4&#215;8 cicero 6-stellig Ziffernh\u00f6he 4 mm Plungerzeichen Stern R\u00fcckw\u00e4rtsz\u00e4hlend im Ultraschallbad gereinigt Auf Anfrage auch andere Ausf\u00fchrungen verf\u00fcgbar.<\/p>\n","protected":false},"featured_media":14938,"template":"","meta":[],"product_brand":[],"product_cat":[343],"product_tag":[],"class_list":{"0":"post-14937","1":"product","2":"type-product","3":"status-publish","4":"has-post-thumbnail","6":"product_cat-buchdruck","7":"pa_bezeichnung_typ-buchdruck-numerierwerke","8":"pa_hersteller-leibinger","10":"first","11":"instock","12":"taxable","13":"shipping-taxable","14":"purchasable","15":"product-type-simple"},"jetpack_sharing_enabled":true,"_links":{"self":[{"href":"https:\/\/www.3p-gmbh.de\/ar\/wp-json\/wp\/v2\/product\/14937","targetHints":{"allow":["GET"]}}],"collection":[{"href":"https:\/\/www.3p-gmbh.de\/ar\/wp-json\/wp\/v2\/product"}],"about":[{"href":"https:\/\/www.3p-gmbh.de\/ar\/wp-json\/wp\/v2\/types\/product"}],"wp:featuredmedia":[{"embeddable":true,"href":"https:\/\/www.3p-gmbh.de\/ar\/wp-json\/wp\/v2\/media\/14938"}],"wp:attachment":[{"href":"https:\/\/www.3p-gmbh.de\/ar\/wp-json\/wp\/v2\/media?parent=14937"}],"wp:term":[{"taxonomy":"product_brand","embeddable":true,"href":"https:\/\/www.3p-gmbh.de\/ar\/wp-json\/wp\/v2\/product_brand?post=14937"},{"taxonomy":"product_cat","embeddable":true,"href":"https:\/\/www.3p-gmbh.de\/ar\/wp-json\/wp\/v2\/product_cat?post=14937"},{"taxonomy":"product_tag","embeddable":true,"href":"https:\/\/www.3p-gmbh.de\/ar\/wp-json\/wp\/v2\/product_tag?post=14937"}],"curies":[{"name":"wp","href":"https:\/\/api.w.org\/{rel}","templated":true}]}}