{"id":14843,"date":"2019-11-04T13:14:30","date_gmt":"2019-11-04T13:14:30","guid":{"rendered":"http:\/\/www.3p-gmbh.de\/?post_type=product&#038;p=14843"},"modified":"2020-05-12T14:31:47","modified_gmt":"2020-05-12T14:31:47","slug":"polar-115-xt-schneidelinie","status":"publish","type":"product","link":"https:\/\/www.3p-gmbh.de\/ar\/produkt\/polar-115-xt-schneidelinie\/","title":{"rendered":"Polar 115 XT Schneidelinie mit R\u00fcttelautomat RA-4 und zwei Stapelhebern LW 1000-4 und LW 1000-4-EV und optionaler Z\u00e4hlWaage"},"content":{"rendered":"<p>Der Workflow:<br \/>\nDas Schneidgut wird rechtseitig mit einem Beladelift auf eine optimale Arbeitsh\u00f6he gebracht,<br \/>\nvom Bediener mittels der optionalen Z\u00e4hlwaage Mengengenau in den R\u00fcttelautomat gelegt, dort ger\u00fcttelt<br \/>\nund anschlie\u00dfend \u00fcber ein Transfertischelement auf den Vordertisch des Schnellschneiders transportiert.<br \/>\nNach dem Schneiden auf dem Entladelift mit Einstapelhilfe abgelegt.<\/p>\n<p>Polar Stapellift LW 1000-4<br \/>\naus Bj. 2004<br \/>\nPlattform 80x126mm<br \/>\nDurch das automatische Anheben des Schneidgutes kann der Bediener in einer f\u00fcr ihn<br \/>\nergonomisch g\u00fcnstigen Arbeitsh\u00f6he das Material in den R\u00fcttelautomat oder direkt in<br \/>\ndie Schneidmaschine laden.<br \/>\nDer Stapellift kann aber auch zum Abstapeln von Schneidgut eingesetzt werden und verf\u00fcgt \u00fcber eine verstellbare Einstapelhilfe.<br \/>\nStapellifte m\u00fcssen nicht im Boden verankert werden und k\u00f6nnen somit leicht umgestellt werden.<br \/>\nSie sind mit stufenlos justierbaren Reflexlichtschranken f\u00fcr automatisches Heben oder Senken ausgestattet.<\/p>\n<p>R\u00fcttelautomat RA-4 mit Luftausstreichwalze<br \/>\naus Bj. 2004<br \/>\nNach abgeschlossenem R\u00fcttelvorgang wird die Luft aus der Schneidlage gepresst.<br \/>\nSie k\u00f6nnen 1- oder 2-mal ausstreichen, wobei der Pressdruck des ersten Ausstreichvorganges einstellbar<br \/>\nist und bei geneigtem Tisch auch \u201ezwischendurch ausstreichen\u201c<\/p>\n<p>Tischgr\u00f6\u00dfe 900x1150mm Edelstahl-Plattiert<br \/>\nLagenh\u00f6he min. 30 mm<br \/>\nLagenh\u00f6he man. 165 mm<br \/>\nTischh\u00f6he 860 &#8211; 950 mm<br \/>\nDruckluftbedarf bei 6 &#8211; 8 bar ca. 2L\/min<\/p>\n<p>Schneidemaschine Polar 115 XT mit Direkttouchbedienung<br \/>\naus Bj. 2004<br \/>\n&#8211; vernickelte \u00dcberleit-Luftecken<br \/>\n&#8211; vernickelter Lufttisch<br \/>\n&#8211; zwei Resopal Luftseitentische 100&#215;100<br \/>\nSchnittl\u00e4nge 1150 mm<br \/>\nEinlageh\u00f6he max. 165 mm<br \/>\n2 Messer<\/p>\n<p>Entladelift mit Einstapelvorrichtung Polar Mohr Stapellift LW 1000-4-EV<br \/>\nBaujahr 2004<br \/>\nPlattform 80x126mm<\/p>\n<p>Durch das automatische Anheben des Schneidgutes kann der Bediener in einer f\u00fcr ihn<br \/>\nergonomisch g\u00fcnstigen Arbeitsh\u00f6he das Material in den R\u00fcttelautomat oder direkt in<br \/>\ndie Schneidmaschine laden.<br \/>\nDer Stapellift kann aber auch zum Abstapeln von Schneidgut eingesetzt werden und verf\u00fcgt \u00fcber eine verstellbare Einstapelhilfe.<br \/>\nStapellifte m\u00fcssen nicht im Boden verankert werden und k\u00f6nnen somit leicht umgestellt werden.<br \/>\nSie sind mit stufenlos justierbaren Reflexlichtschranken f\u00fcr automatisches Heben oder Senken ausgestattet.<\/p>\n<p>Einstapelvorrichtung &#8211; Seitliches Ausrichtlineal und R\u00fcckwand erleichtert kantengenaues,<br \/>\nmanuelles R\u00fcckstapeln des Schneidgutes nach dem Schneiden<\/p>\n","protected":false},"excerpt":{"rendered":"<p>Der Workflow: Das Schneidgut wird rechtseitig mit einem Beladelift auf eine optimale Arbeitsh\u00f6he gebracht, vom Bediener mittels der optionalen Z\u00e4hlwaage Mengengenau in den R\u00fcttelautomat gelegt, dort ger\u00fcttelt und anschlie\u00dfend \u00fcber ein Transfertischelement auf den Vordertisch des Schnellschneiders transportiert. Nach dem Schneiden auf dem Entladelift mit Einstapelhilfe abgelegt. Polar Stapellift LW 1000-4 aus Bj. 2004 Plattform [&hellip;]<\/p>\n","protected":false},"featured_media":23131,"template":"","meta":[],"product_brand":[],"product_cat":[788],"product_tag":[],"class_list":{"0":"post-14843","1":"product","2":"type-product","3":"status-publish","4":"has-post-thumbnail","6":"product_cat-schneidemaschinen","7":"pa_bezeichnung_typ-schneidelinie-polar-115-xt","8":"pa_hersteller-polar-mohr","10":"first","11":"instock","12":"taxable","13":"shipping-taxable","14":"purchasable","15":"product-type-simple"},"jetpack_sharing_enabled":true,"_links":{"self":[{"href":"https:\/\/www.3p-gmbh.de\/ar\/wp-json\/wp\/v2\/product\/14843","targetHints":{"allow":["GET"]}}],"collection":[{"href":"https:\/\/www.3p-gmbh.de\/ar\/wp-json\/wp\/v2\/product"}],"about":[{"href":"https:\/\/www.3p-gmbh.de\/ar\/wp-json\/wp\/v2\/types\/product"}],"wp:featuredmedia":[{"embeddable":true,"href":"https:\/\/www.3p-gmbh.de\/ar\/wp-json\/wp\/v2\/media\/23131"}],"wp:attachment":[{"href":"https:\/\/www.3p-gmbh.de\/ar\/wp-json\/wp\/v2\/media?parent=14843"}],"wp:term":[{"taxonomy":"product_brand","embeddable":true,"href":"https:\/\/www.3p-gmbh.de\/ar\/wp-json\/wp\/v2\/product_brand?post=14843"},{"taxonomy":"product_cat","embeddable":true,"href":"https:\/\/www.3p-gmbh.de\/ar\/wp-json\/wp\/v2\/product_cat?post=14843"},{"taxonomy":"product_tag","embeddable":true,"href":"https:\/\/www.3p-gmbh.de\/ar\/wp-json\/wp\/v2\/product_tag?post=14843"}],"curies":[{"name":"wp","href":"https:\/\/api.w.org\/{rel}","templated":true}]}}