{"id":14454,"date":"2019-11-01T14:43:27","date_gmt":"2019-11-01T14:43:27","guid":{"rendered":"http:\/\/www.3p-gmbh.de\/?post_type=product&#038;p=14454"},"modified":"2020-04-15T14:17:33","modified_gmt":"2020-04-15T14:17:33","slug":"herzog-heymann-mailingtransportsystem-381","status":"publish","type":"product","link":"https:\/\/www.3p-gmbh.de\/ar\/produkt\/herzog-heymann-mailingtransportsystem-381\/","title":{"rendered":"Herzog &#038; Heymann Mailingtransportsystem 381"},"content":{"rendered":"<ul>\n<li>Hochgeschwindigkeits-Rollentisch<\/li>\n<li>Herzog &amp; Heymann 381 Transportsystem<\/li>\n<li>Arbeitsbreite 82 cm<\/li>\n<li>Arbeitsl\u00e4nge 330 cm<\/li>\n<li>Geschwindigkeit 160 m\/min<\/li>\n<li>h\u00f6henverstellbar von 650 mm bis 950 mm<\/li>\n<li>UV-best\u00e4ndige Gurte<\/li>\n<li>vierteilige Vakuumb\u00e4nder<\/li>\n<li>2 Labelaufspender ALS 350<\/li>\n<\/ul>\n","protected":false},"excerpt":{"rendered":"<p>Hochgeschwindigkeits-Rollentisch Herzog &amp; Heymann 381 Transportsystem Arbeitsbreite 82 cm Arbeitsl\u00e4nge 330 cm Geschwindigkeit 160 m\/min h\u00f6henverstellbar von 650 mm bis 950 mm UV-best\u00e4ndige Gurte vierteilige Vakuumb\u00e4nder 2 Labelaufspender ALS 350<\/p>\n","protected":false},"featured_media":14455,"template":"","meta":[],"product_brand":[],"product_cat":[87],"product_tag":[],"class_list":{"0":"post-14454","1":"product","2":"type-product","3":"status-publish","4":"has-post-thumbnail","6":"product_cat-sonstige-weiterverarbeitung","7":"pa_bezeichnung_typ-mailingtransportsystem-381","8":"pa_hersteller-herzog-heymann","10":"first","11":"instock","12":"taxable","13":"shipping-taxable","14":"purchasable","15":"product-type-simple"},"jetpack_sharing_enabled":true,"_links":{"self":[{"href":"https:\/\/www.3p-gmbh.de\/ar\/wp-json\/wp\/v2\/product\/14454","targetHints":{"allow":["GET"]}}],"collection":[{"href":"https:\/\/www.3p-gmbh.de\/ar\/wp-json\/wp\/v2\/product"}],"about":[{"href":"https:\/\/www.3p-gmbh.de\/ar\/wp-json\/wp\/v2\/types\/product"}],"wp:featuredmedia":[{"embeddable":true,"href":"https:\/\/www.3p-gmbh.de\/ar\/wp-json\/wp\/v2\/media\/14455"}],"wp:attachment":[{"href":"https:\/\/www.3p-gmbh.de\/ar\/wp-json\/wp\/v2\/media?parent=14454"}],"wp:term":[{"taxonomy":"product_brand","embeddable":true,"href":"https:\/\/www.3p-gmbh.de\/ar\/wp-json\/wp\/v2\/product_brand?post=14454"},{"taxonomy":"product_cat","embeddable":true,"href":"https:\/\/www.3p-gmbh.de\/ar\/wp-json\/wp\/v2\/product_cat?post=14454"},{"taxonomy":"product_tag","embeddable":true,"href":"https:\/\/www.3p-gmbh.de\/ar\/wp-json\/wp\/v2\/product_tag?post=14454"}],"curies":[{"name":"wp","href":"https:\/\/api.w.org\/{rel}","templated":true}]}}