{"id":14396,"date":"2019-11-01T13:44:18","date_gmt":"2019-11-01T13:44:18","guid":{"rendered":"http:\/\/www.3p-gmbh.de\/?post_type=product&#038;p=14396"},"modified":"2020-04-15T14:17:34","modified_gmt":"2020-04-15T14:17:34","slug":"lagenfalz-und-heftmaschine-nagel-foldnak-2-mit-schuppenausleger","status":"publish","type":"product","link":"https:\/\/www.3p-gmbh.de\/ar\/produkt\/lagenfalz-und-heftmaschine-nagel-foldnak-2-mit-schuppenausleger\/","title":{"rendered":"Nagel Lagenfalz- und Heftmaschine Foldnak 2 mit Schuppenausleger"},"content":{"rendered":"<p>zum Erstellen von Brosch\u00fcren bis zu 100 Seiten in einem Arbeitsgang.<\/p>\n<p>Papieranlageformat von DIN A5 bis DIN A 3- \u00dcberformat<br \/>\n&#8211; mit 2 Heftk\u00f6pfen (erweiterbar auf 4)<br \/>\n&#8211; h\u00f6henverstellbares Untergestell<\/p>\n<p>L\u00e4nge ca. 120 cm, Breite ca. 65 cm, H\u00f6he ca. 140 cm, Gewicht ca. 100 kg<br \/>\nAnschlu\u00df 220 Volt<\/p>\n","protected":false},"excerpt":{"rendered":"<p>zum Erstellen von Brosch\u00fcren bis zu 100 Seiten in einem Arbeitsgang. Papieranlageformat von DIN A5 bis DIN A 3- \u00dcberformat &#8211; mit 2 Heftk\u00f6pfen (erweiterbar auf 4) &#8211; h\u00f6henverstellbares Untergestell L\u00e4nge ca. 120 cm, Breite ca. 65 cm, H\u00f6he ca. 140 cm, Gewicht ca. 100 kg Anschlu\u00df 220 Volt<\/p>\n","protected":false},"featured_media":14397,"template":"","meta":[],"product_brand":[],"product_cat":[83],"product_tag":[],"class_list":{"0":"post-14396","1":"product","2":"type-product","3":"status-publish","4":"has-post-thumbnail","6":"product_cat-falzmaschinen","7":"pa_hersteller-ernst-nagel","8":"pa_typ-foldnak-2","10":"first","11":"instock","12":"taxable","13":"shipping-taxable","14":"purchasable","15":"product-type-simple"},"jetpack_sharing_enabled":true,"_links":{"self":[{"href":"https:\/\/www.3p-gmbh.de\/ar\/wp-json\/wp\/v2\/product\/14396","targetHints":{"allow":["GET"]}}],"collection":[{"href":"https:\/\/www.3p-gmbh.de\/ar\/wp-json\/wp\/v2\/product"}],"about":[{"href":"https:\/\/www.3p-gmbh.de\/ar\/wp-json\/wp\/v2\/types\/product"}],"wp:featuredmedia":[{"embeddable":true,"href":"https:\/\/www.3p-gmbh.de\/ar\/wp-json\/wp\/v2\/media\/14397"}],"wp:attachment":[{"href":"https:\/\/www.3p-gmbh.de\/ar\/wp-json\/wp\/v2\/media?parent=14396"}],"wp:term":[{"taxonomy":"product_brand","embeddable":true,"href":"https:\/\/www.3p-gmbh.de\/ar\/wp-json\/wp\/v2\/product_brand?post=14396"},{"taxonomy":"product_cat","embeddable":true,"href":"https:\/\/www.3p-gmbh.de\/ar\/wp-json\/wp\/v2\/product_cat?post=14396"},{"taxonomy":"product_tag","embeddable":true,"href":"https:\/\/www.3p-gmbh.de\/ar\/wp-json\/wp\/v2\/product_tag?post=14396"}],"curies":[{"name":"wp","href":"https:\/\/api.w.org\/{rel}","templated":true}]}}