{"id":14235,"date":"2019-11-01T10:07:46","date_gmt":"2019-11-01T10:07:46","guid":{"rendered":"http:\/\/www.3p-gmbh.de\/?post_type=product&#038;p=14235"},"modified":"2023-04-21T14:13:22","modified_gmt":"2023-04-21T14:13:22","slug":"brm-buchrueckenrundemaschine-fomm-model-fbr-65","status":"publish","type":"product","link":"https:\/\/www.3p-gmbh.de\/ar\/produkt\/brm-buchrueckenrundemaschine-fomm-model-fbr-65\/","title":{"rendered":"FOMM Modell FBR 65 Buchr\u00fcckenrundemaschine"},"content":{"rendered":"<p><strong>FOMM Modell FBR 65 Buchr\u00fcckenrundemaschine<\/strong><br \/>\n<strong>werkstattrevidiert<\/strong><\/p>\n<p>erm\u00f6glicht ein rasches und formsch\u00f6nes Runden von fadengehefteten und klebegebundenen Buchblocks.<br \/>\nSchnelles Einstellen jeder Buchst\u00e4rke \u00fcber Handrad macht die Maschine auch f\u00fcr kleine und kleinste Auflagen wirtschaftlich.<br \/>\nEinlegebreite 65cm<\/p>\n","protected":false},"excerpt":{"rendered":"<p>FOMM Modell FBR 65 Buchr\u00fcckenrundemaschine werkstattrevidiert erm\u00f6glicht ein rasches und formsch\u00f6nes Runden von fadengehefteten und klebegebundenen Buchblocks. Schnelles Einstellen jeder Buchst\u00e4rke \u00fcber Handrad macht die Maschine auch f\u00fcr kleine und kleinste Auflagen wirtschaftlich. Einlegebreite 65cm<\/p>\n","protected":false},"featured_media":14236,"template":"","meta":[],"product_brand":[],"product_cat":[1764],"product_tag":[],"class_list":{"0":"post-14235","1":"product","2":"type-product","3":"status-publish","4":"has-post-thumbnail","6":"product_cat-sortimentsbuchbinderei","7":"pa_hersteller-fomm","8":"pa_typ-fbr-65","10":"first","11":"instock","12":"taxable","13":"shipping-taxable","14":"purchasable","15":"product-type-simple"},"jetpack_sharing_enabled":true,"_links":{"self":[{"href":"https:\/\/www.3p-gmbh.de\/ar\/wp-json\/wp\/v2\/product\/14235","targetHints":{"allow":["GET"]}}],"collection":[{"href":"https:\/\/www.3p-gmbh.de\/ar\/wp-json\/wp\/v2\/product"}],"about":[{"href":"https:\/\/www.3p-gmbh.de\/ar\/wp-json\/wp\/v2\/types\/product"}],"wp:featuredmedia":[{"embeddable":true,"href":"https:\/\/www.3p-gmbh.de\/ar\/wp-json\/wp\/v2\/media\/14236"}],"wp:attachment":[{"href":"https:\/\/www.3p-gmbh.de\/ar\/wp-json\/wp\/v2\/media?parent=14235"}],"wp:term":[{"taxonomy":"product_brand","embeddable":true,"href":"https:\/\/www.3p-gmbh.de\/ar\/wp-json\/wp\/v2\/product_brand?post=14235"},{"taxonomy":"product_cat","embeddable":true,"href":"https:\/\/www.3p-gmbh.de\/ar\/wp-json\/wp\/v2\/product_cat?post=14235"},{"taxonomy":"product_tag","embeddable":true,"href":"https:\/\/www.3p-gmbh.de\/ar\/wp-json\/wp\/v2\/product_tag?post=14235"}],"curies":[{"name":"wp","href":"https:\/\/api.w.org\/{rel}","templated":true}]}}