{"id":13831,"date":"2019-10-29T08:13:14","date_gmt":"2019-10-29T08:13:14","guid":{"rendered":"http:\/\/www.3p-gmbh.de\/?post_type=product&#038;p=13831"},"modified":"2020-04-15T14:16:41","modified_gmt":"2020-04-15T14:16:41","slug":"hugo-beck-universalanleger-hb-355","status":"publish","type":"product","link":"https:\/\/www.3p-gmbh.de\/ar\/produkt\/hugo-beck-universalanleger-hb-355\/","title":{"rendered":"Hugo Beck Universalanleger HB 350"},"content":{"rendered":"<p>mobil und h\u00f6henverstellbar<\/p>\n<p>Er bietet die M\u00f6glichkeit zum vollautomatischen Spenden von Hauptprodukten oder Beilagen.<br \/>\nBeispielsweise k\u00f6nnen Zeitschriften oder Kataloge mit einer L\u00e4nge von 148 &#8211; 420 mm,<br \/>\neiner Breite von 105 &#8211; 315 mm und einer H\u00f6he von 2 &#8211; 60 mm zugef\u00fchrt werden.<br \/>\nDie Leistung dieses Universalanlegers erstreckt sich auf 18.000 Takte pro Stunde.<\/p>\n","protected":false},"excerpt":{"rendered":"<p>mobil und h\u00f6henverstellbar Er bietet die M\u00f6glichkeit zum vollautomatischen Spenden von Hauptprodukten oder Beilagen. Beispielsweise k\u00f6nnen Zeitschriften oder Kataloge mit einer L\u00e4nge von 148 &#8211; 420 mm, einer Breite von 105 &#8211; 315 mm und einer H\u00f6he von 2 &#8211; 60 mm zugef\u00fchrt werden. Die Leistung dieses Universalanlegers erstreckt sich auf 18.000 Takte pro Stunde.<\/p>\n","protected":false},"featured_media":13832,"template":"","meta":[],"product_brand":[],"product_cat":[1814],"product_tag":[],"class_list":{"0":"post-13831","1":"product","2":"type-product","3":"status-publish","4":"has-post-thumbnail","6":"product_cat-anleger","7":"pa_hersteller-hugo-beck","8":"pa_typ-hb-350","10":"first","11":"instock","12":"taxable","13":"shipping-taxable","14":"purchasable","15":"product-type-simple"},"jetpack_sharing_enabled":true,"_links":{"self":[{"href":"https:\/\/www.3p-gmbh.de\/ar\/wp-json\/wp\/v2\/product\/13831","targetHints":{"allow":["GET"]}}],"collection":[{"href":"https:\/\/www.3p-gmbh.de\/ar\/wp-json\/wp\/v2\/product"}],"about":[{"href":"https:\/\/www.3p-gmbh.de\/ar\/wp-json\/wp\/v2\/types\/product"}],"wp:featuredmedia":[{"embeddable":true,"href":"https:\/\/www.3p-gmbh.de\/ar\/wp-json\/wp\/v2\/media\/13832"}],"wp:attachment":[{"href":"https:\/\/www.3p-gmbh.de\/ar\/wp-json\/wp\/v2\/media?parent=13831"}],"wp:term":[{"taxonomy":"product_brand","embeddable":true,"href":"https:\/\/www.3p-gmbh.de\/ar\/wp-json\/wp\/v2\/product_brand?post=13831"},{"taxonomy":"product_cat","embeddable":true,"href":"https:\/\/www.3p-gmbh.de\/ar\/wp-json\/wp\/v2\/product_cat?post=13831"},{"taxonomy":"product_tag","embeddable":true,"href":"https:\/\/www.3p-gmbh.de\/ar\/wp-json\/wp\/v2\/product_tag?post=13831"}],"curies":[{"name":"wp","href":"https:\/\/api.w.org\/{rel}","templated":true}]}}