{"id":12864,"date":"2019-10-15T13:47:34","date_gmt":"2019-10-15T13:47:34","guid":{"rendered":"http:\/\/www.3p-gmbh.de\/?post_type=product&#038;p=12864"},"modified":"2020-04-15T14:15:41","modified_gmt":"2020-04-15T14:15:41","slug":"muero-st-bogen-standruettler","status":"publish","type":"product","link":"https:\/\/www.3p-gmbh.de\/ar\/produkt\/muero-st-bogen-standruettler\/","title":{"rendered":"M\u00fcro ST Bogen-Standr\u00fcttler"},"content":{"rendered":"<ul>\n<li>fahrbar<\/li>\n<li>mit Fu\u00dftaster f\u00fcr EIN\/AUS und Neigungsverstellbar<\/li>\n<li>zum Ablegen und Glattsto\u00dfen zusammengetragener Formulars\u00e4tze und Brosch\u00fcrenlagen sowie von Druckb\u00f6gen<\/li>\n<li>regulierbare Sch\u00fcttelkraft mittels verstellbarer Unwuchtmutter an der Motorachse<\/li>\n<li>regulierbare Geschwindigkeit des Motors, nach links oder rechts drehend zur Feineinstellung der Sch\u00fcttelkraft<\/li>\n<li>Sch\u00fcttelkassette neigbar bis 45 \u00b0<\/li>\n<li>Nutzformat: 46&#215;68<\/li>\n<li>Kassettenhoehe: 10 cm<\/li>\n<li>Aussenmasse: 45 x 45 cm<\/li>\n<li>Hoehe: 75 &#8211; 95 cm, variabel<\/li>\n<li>Anschluss: 230 V Wechselstrom mit Fu\u00dftaster f\u00fcr EIN\/AUS<\/li>\n<\/ul>\n","protected":false},"excerpt":{"rendered":"<p>fahrbar mit Fu\u00dftaster f\u00fcr EIN\/AUS und Neigungsverstellbar zum Ablegen und Glattsto\u00dfen zusammengetragener Formulars\u00e4tze und Brosch\u00fcrenlagen sowie von Druckb\u00f6gen regulierbare Sch\u00fcttelkraft mittels verstellbarer Unwuchtmutter an der Motorachse regulierbare Geschwindigkeit des Motors, nach links oder rechts drehend zur Feineinstellung der Sch\u00fcttelkraft Sch\u00fcttelkassette neigbar bis 45 \u00b0 Nutzformat: 46&#215;68 Kassettenhoehe: 10 cm Aussenmasse: 45 x 45 cm Hoehe: [&hellip;]<\/p>\n","protected":false},"featured_media":12865,"template":"","meta":[],"product_brand":[],"product_cat":[1759],"product_tag":[],"class_list":{"0":"post-12864","1":"product","2":"type-product","3":"status-publish","4":"has-post-thumbnail","6":"product_cat-ruetteltische","7":"pa_hersteller-muero","8":"pa_typ-st-46x68","10":"first","11":"instock","12":"taxable","13":"shipping-taxable","14":"purchasable","15":"product-type-simple"},"jetpack_sharing_enabled":true,"_links":{"self":[{"href":"https:\/\/www.3p-gmbh.de\/ar\/wp-json\/wp\/v2\/product\/12864","targetHints":{"allow":["GET"]}}],"collection":[{"href":"https:\/\/www.3p-gmbh.de\/ar\/wp-json\/wp\/v2\/product"}],"about":[{"href":"https:\/\/www.3p-gmbh.de\/ar\/wp-json\/wp\/v2\/types\/product"}],"wp:featuredmedia":[{"embeddable":true,"href":"https:\/\/www.3p-gmbh.de\/ar\/wp-json\/wp\/v2\/media\/12865"}],"wp:attachment":[{"href":"https:\/\/www.3p-gmbh.de\/ar\/wp-json\/wp\/v2\/media?parent=12864"}],"wp:term":[{"taxonomy":"product_brand","embeddable":true,"href":"https:\/\/www.3p-gmbh.de\/ar\/wp-json\/wp\/v2\/product_brand?post=12864"},{"taxonomy":"product_cat","embeddable":true,"href":"https:\/\/www.3p-gmbh.de\/ar\/wp-json\/wp\/v2\/product_cat?post=12864"},{"taxonomy":"product_tag","embeddable":true,"href":"https:\/\/www.3p-gmbh.de\/ar\/wp-json\/wp\/v2\/product_tag?post=12864"}],"curies":[{"name":"wp","href":"https:\/\/api.w.org\/{rel}","templated":true}]}}