{"id":125395,"date":"2026-04-24T07:08:49","date_gmt":"2026-04-24T07:08:49","guid":{"rendered":"https:\/\/www.3p-gmbh.de\/?post_type=product&#038;p=125395"},"modified":"2026-04-24T07:08:49","modified_gmt":"2026-04-24T07:08:49","slug":"hydraulische-zwillingspresse-zweiplattenpresse-traenklein-zp-kombi","status":"publish","type":"product","link":"https:\/\/www.3p-gmbh.de\/ar\/produkt\/hydraulische-zwillingspresse-zweiplattenpresse-traenklein-zp-kombi\/","title":{"rendered":"Hydraulische Zwillingspresse &#8211;  Zweiplattenpresse  Tr\u00e4nklein ZP-Kombi"},"content":{"rendered":"<p>Hydraulische Zwillingspresse &#8211; Zweiplattenpresse Tr\u00e4nklein ZP-Kombi<br \/>\naus 1980<\/p>\n<div id=\"tobit_rforig7f92\">\n<div><span style=\"font-family: Arial;\">eignen sich zum Pressen von B\u00fcchern, Brosch\u00fcren, Plakaten, Bildern, Musterkarten etc.\u00a0<\/span><\/div>\n<\/div>\n<div id=\"tobit_rforig7f92\">\n<div><span style=\"font-family: Arial;\">Der Pressvorgang wird durch Bet\u00e4tigung eines Handhebels ausgel\u00f6st.\u00a0<\/span><\/div>\n<div><span style=\"font-family: Arial;\">Bei Erreichen des eingestellten Pressdruckes schaltet der Pumpen-Antrieb selbstt\u00e4tig ab,\u00a0<\/span><\/div>\n<div><span style=\"font-family: Arial;\">der Druck wird automatisch konstant gehalten.\u00a0<\/span><\/div>\n<div><span style=\"font-family: Arial;\">Die Pressplatten k\u00f6nnen einzeln oder zusammen bet\u00e4tigt und in beliebiger Stellung gestoppt werden<\/span><\/div>\n<div><span style=\"font-family: Arial;\"><br \/>\n-max. Pressdruck \u00a05000 kg stufenlos regelbar<br \/>\n-Gr\u00f6\u00dfe mit 2 Pressplatten 440 x 320 mm\u00a0<\/span><\/div>\n<div><span style=\"font-family: Arial;\">-Gr\u00f6\u00dfe mit 1 Pressplatte \u00a0700 x 440 mm<br \/>\n-elektr. Antrieb mit Drehstrom-Motor\u00a0400 Volt, 3 Ph, 50 Hz., 1,1 kW<\/span><\/p>\n<div><span style=\"font-family: Arial;\">-Maschine fahrbar<\/span><\/div>\n<\/div>\n<div><span style=\"font-family: Arial;\">-Platzbedarf 85 x 70 x 150cm<br \/>\n-Gewicht ca. 420 kg<\/span><\/div>\n<\/div>\n<div id=\"tobit_rforig7f92\">\n<div><\/div>\n<\/div>\n","protected":false},"excerpt":{"rendered":"<p>Hydraulische Zwillingspresse &#8211; Zweiplattenpresse Tr\u00e4nklein ZP-Kombi aus 1980 eignen sich zum Pressen von B\u00fcchern, Brosch\u00fcren, Plakaten, Bildern, Musterkarten etc.\u00a0 Der Pressvorgang wird durch Bet\u00e4tigung eines Handhebels ausgel\u00f6st.\u00a0 Bei Erreichen des eingestellten Pressdruckes schaltet der Pumpen-Antrieb selbstt\u00e4tig ab,\u00a0 der Druck wird automatisch konstant gehalten.\u00a0 Die Pressplatten k\u00f6nnen einzeln oder zusammen bet\u00e4tigt und in beliebiger Stellung gestoppt [&hellip;]<\/p>\n","protected":false},"featured_media":125396,"template":"","meta":[],"product_brand":[],"product_cat":[242],"product_tag":[],"class_list":{"0":"post-125395","1":"product","2":"type-product","3":"status-publish","4":"has-post-thumbnail","6":"product_cat-pressen","7":"pa_bezeichnung_typ-zp-kombi","8":"pa_hersteller-traenklein-2","10":"first","11":"instock","12":"taxable","13":"shipping-taxable","14":"product-type-simple"},"jetpack_sharing_enabled":true,"_links":{"self":[{"href":"https:\/\/www.3p-gmbh.de\/ar\/wp-json\/wp\/v2\/product\/125395","targetHints":{"allow":["GET"]}}],"collection":[{"href":"https:\/\/www.3p-gmbh.de\/ar\/wp-json\/wp\/v2\/product"}],"about":[{"href":"https:\/\/www.3p-gmbh.de\/ar\/wp-json\/wp\/v2\/types\/product"}],"wp:featuredmedia":[{"embeddable":true,"href":"https:\/\/www.3p-gmbh.de\/ar\/wp-json\/wp\/v2\/media\/125396"}],"wp:attachment":[{"href":"https:\/\/www.3p-gmbh.de\/ar\/wp-json\/wp\/v2\/media?parent=125395"}],"wp:term":[{"taxonomy":"product_brand","embeddable":true,"href":"https:\/\/www.3p-gmbh.de\/ar\/wp-json\/wp\/v2\/product_brand?post=125395"},{"taxonomy":"product_cat","embeddable":true,"href":"https:\/\/www.3p-gmbh.de\/ar\/wp-json\/wp\/v2\/product_cat?post=125395"},{"taxonomy":"product_tag","embeddable":true,"href":"https:\/\/www.3p-gmbh.de\/ar\/wp-json\/wp\/v2\/product_tag?post=125395"}],"curies":[{"name":"wp","href":"https:\/\/api.w.org\/{rel}","templated":true}]}}