{"id":125184,"date":"2026-03-11T08:57:56","date_gmt":"2026-03-11T08:57:56","guid":{"rendered":"https:\/\/www.3p-gmbh.de\/?post_type=product&#038;p=125184"},"modified":"2026-03-11T08:57:56","modified_gmt":"2026-03-11T08:57:56","slug":"blockherstellungsmaschine-kugler-317","status":"publish","type":"product","link":"https:\/\/www.3p-gmbh.de\/ar\/produkt\/blockherstellungsmaschine-kugler-317\/","title":{"rendered":"Blockherstellungsmaschine Kugler 317"},"content":{"rendered":"<p>Blockherstellungsmaschine Kugler 317<br \/>\nf\u00fcr geklebte Schreibbl\u00f6cke mit Umschlag aus vorbereiteten Stapeln linierter Papierb\u00f6gen<br \/>\naus 1992<\/p>\n<p>Breite: min. 105 mm x max. 330 mm<br \/>\nL\u00e4nge: min. 148 mm x max. 355 mm<br \/>\nDicke der Polster: min. 3 mm x max. 15 mm<br \/>\nGeschwindigkeit ca. 1620 pro Stunde<\/p>\n<p>Maschinenbeschreibung:<br \/>\nDie bereits zugeschnittenen losen Blockschichten werden manuell in die Maschine eingef\u00fchrt.<br \/>\nDie geneigte Aufnahmestation erleichtert die Zuf\u00fchrung.<br \/>\nDie folgenden Vorg\u00e4nge werden automatisch ausgef\u00fchrt.<\/p>\n<p>Die Lagen werden dann ausgerichtet, an der Kopfkante geklebt und getrocknet.<br \/>\nDer verwendete Kunstharzkleber (Kaltleim) sorgt f\u00fcr eine saubere und gute Verklebung.<\/p>\n<p>Das Deckblatt wird automatisch aus dem Magazin entnommen und auf den Block aufgelegt.<br \/>\nDas Magazin kann w\u00e4hrend des Maschinenbetriebs von oben nachgef\u00fcllt werden.<br \/>\nDas Deckblatt wird gerillt, geklebt und umgeschlagen.<\/p>\n<p>Die Rilllinien gew\u00e4hrleisten ein korrektes und sauberes Umschlagen aller Umschlagmaterialien.<br \/>\nZum Kleben des Deckblatts wird derselbe Klebstofftyp verwendet wie f\u00fcr den Kopfklebvorgang.<\/p>\n<p>Das Video (eine Maschine, die wir komplett \u00fcberholt haben)<br \/>\nzeigt die Funktion:<br \/>\n<iframe loading=\"lazy\" title=\"overhauled Kugler 317 Padmaking line\" width=\"980\" height=\"735\" src=\"https:\/\/www.youtube.com\/embed\/GGYd4I0moyM?feature=oembed&#038;enablejsapi=1&#038;origin=https:\/\/www.3p-gmbh.de\" frameborder=\"0\" allow=\"accelerometer; autoplay; clipboard-write; encrypted-media; gyroscope; picture-in-picture; web-share\" referrerpolicy=\"strict-origin-when-cross-origin\" allowfullscreen><\/iframe><\/p>\n","protected":false},"excerpt":{"rendered":"<p>Blockherstellungsmaschine Kugler 317 f\u00fcr geklebte Schreibbl\u00f6cke mit Umschlag aus vorbereiteten Stapeln linierter Papierb\u00f6gen aus 1992 Breite: min. 105 mm x max. 330 mm L\u00e4nge: min. 148 mm x max. 355 mm Dicke der Polster: min. 3 mm x max. 15 mm Geschwindigkeit ca. 1620 pro Stunde Maschinenbeschreibung: Die bereits zugeschnittenen losen Blockschichten werden manuell in [&hellip;]<\/p>\n","protected":false},"featured_media":125187,"template":"","meta":[],"product_brand":[],"product_cat":[4126],"product_tag":[],"class_list":{"0":"post-125184","1":"product","2":"type-product","3":"status-publish","4":"has-post-thumbnail","6":"product_cat-anleimmaschine","7":"pa_hersteller-renz-kugler-2","8":"pa_typ-4211","10":"first","11":"instock","12":"taxable","13":"shipping-taxable","14":"product-type-simple"},"jetpack_sharing_enabled":true,"_links":{"self":[{"href":"https:\/\/www.3p-gmbh.de\/ar\/wp-json\/wp\/v2\/product\/125184","targetHints":{"allow":["GET"]}}],"collection":[{"href":"https:\/\/www.3p-gmbh.de\/ar\/wp-json\/wp\/v2\/product"}],"about":[{"href":"https:\/\/www.3p-gmbh.de\/ar\/wp-json\/wp\/v2\/types\/product"}],"wp:featuredmedia":[{"embeddable":true,"href":"https:\/\/www.3p-gmbh.de\/ar\/wp-json\/wp\/v2\/media\/125187"}],"wp:attachment":[{"href":"https:\/\/www.3p-gmbh.de\/ar\/wp-json\/wp\/v2\/media?parent=125184"}],"wp:term":[{"taxonomy":"product_brand","embeddable":true,"href":"https:\/\/www.3p-gmbh.de\/ar\/wp-json\/wp\/v2\/product_brand?post=125184"},{"taxonomy":"product_cat","embeddable":true,"href":"https:\/\/www.3p-gmbh.de\/ar\/wp-json\/wp\/v2\/product_cat?post=125184"},{"taxonomy":"product_tag","embeddable":true,"href":"https:\/\/www.3p-gmbh.de\/ar\/wp-json\/wp\/v2\/product_tag?post=125184"}],"curies":[{"name":"wp","href":"https:\/\/api.w.org\/{rel}","templated":true}]}}