{"id":125088,"date":"2026-02-11T08:23:23","date_gmt":"2026-02-11T08:23:23","guid":{"rendered":"https:\/\/www.3p-gmbh.de\/?post_type=product&#038;p=125088"},"modified":"2026-02-12T07:32:19","modified_gmt":"2026-02-12T07:32:19","slug":"hohner-exact-plus-mit-inline-dreischneidemaschine-hohner-t3","status":"publish","type":"product","link":"https:\/\/www.3p-gmbh.de\/ar\/produkt\/hohner-exact-plus-mit-inline-dreischneidemaschine-hohner-t3\/","title":{"rendered":"Hohner Exact Plus mit Inline Dreischneidemaschine Hohner T3"},"content":{"rendered":"<p>Hohner Exact Plus mit Inline Dreiseitenschneidemaschine Hohner T3<br \/>\naus 1997<\/p>\n<p>Halbautomatische Drahtheftmaschine mit zwei Heftk\u00f6pfen und mit einer manuellen Hand-Zuf\u00fchrstation (erweiterbar auf 6 Stationen)<br \/>\nf\u00fcr ungew\u00f6hnliche Formate, Materialien und Grammaturen<\/p>\n<p>Hohner EXACT PLUS mit Inline Dreiseitenschneideer Hohner T3<br \/>\nMaximale Brosch\u00fcrenbreite [mm] L 430 x B 340mm<br \/>\nMinimale Brosch\u00fcrengr\u00f6\u00dfe [mm] L 100 x B 80 mm<br \/>\nMax. Heftklammerst\u00e4rke mit gefalteter Heftklammer 6 mm<br \/>\nHeftkopf Typ 52\/8 -S<br \/>\nHeftleistung pro Minute 67 stufenlos<\/p>\n<p>Anschlusswerte<br \/>\nLeistung [kW] 1,0<br \/>\nSpannung [V] 230\/400<br \/>\nFrequenz [Hz] 50\/3~*<\/p>\n","protected":false},"excerpt":{"rendered":"<p>Hohner Exact Plus mit Inline Dreiseitenschneidemaschine Hohner T3 aus 1997 Halbautomatische Drahtheftmaschine mit zwei Heftk\u00f6pfen und mit einer manuellen Hand-Zuf\u00fchrstation (erweiterbar auf 6 Stationen) f\u00fcr ungew\u00f6hnliche Formate, Materialien und Grammaturen Hohner EXACT PLUS mit Inline Dreiseitenschneideer Hohner T3 Maximale Brosch\u00fcrenbreite [mm] L 430 x B 340mm Minimale Brosch\u00fcrengr\u00f6\u00dfe [mm] L 100 x B 80 mm [&hellip;]<\/p>\n","protected":false},"featured_media":125091,"template":"","meta":[],"product_brand":[],"product_cat":[788],"product_tag":[],"class_list":{"0":"post-125088","1":"product","2":"type-product","3":"status-publish","4":"has-post-thumbnail","6":"product_cat-schneidemaschinen","7":"pa_baujahr-123","8":"pa_bezeichnung_typ-exact-plus","9":"pa_hersteller-hohner","11":"first","12":"instock","13":"taxable","14":"shipping-taxable","15":"product-type-simple"},"jetpack_sharing_enabled":true,"_links":{"self":[{"href":"https:\/\/www.3p-gmbh.de\/ar\/wp-json\/wp\/v2\/product\/125088","targetHints":{"allow":["GET"]}}],"collection":[{"href":"https:\/\/www.3p-gmbh.de\/ar\/wp-json\/wp\/v2\/product"}],"about":[{"href":"https:\/\/www.3p-gmbh.de\/ar\/wp-json\/wp\/v2\/types\/product"}],"wp:featuredmedia":[{"embeddable":true,"href":"https:\/\/www.3p-gmbh.de\/ar\/wp-json\/wp\/v2\/media\/125091"}],"wp:attachment":[{"href":"https:\/\/www.3p-gmbh.de\/ar\/wp-json\/wp\/v2\/media?parent=125088"}],"wp:term":[{"taxonomy":"product_brand","embeddable":true,"href":"https:\/\/www.3p-gmbh.de\/ar\/wp-json\/wp\/v2\/product_brand?post=125088"},{"taxonomy":"product_cat","embeddable":true,"href":"https:\/\/www.3p-gmbh.de\/ar\/wp-json\/wp\/v2\/product_cat?post=125088"},{"taxonomy":"product_tag","embeddable":true,"href":"https:\/\/www.3p-gmbh.de\/ar\/wp-json\/wp\/v2\/product_tag?post=125088"}],"curies":[{"name":"wp","href":"https:\/\/api.w.org\/{rel}","templated":true}]}}