{"id":124747,"date":"2026-01-27T10:24:36","date_gmt":"2026-01-27T10:24:36","guid":{"rendered":"https:\/\/www.3p-gmbh.de\/?post_type=product&#038;p=124747"},"modified":"2026-01-27T10:24:36","modified_gmt":"2026-01-27T10:24:36","slug":"nirosta-trockenklammer-mit-fuehrungsschere-passend-zu-schmedt-praecoll-lumbeck-faecherklebegeraet","status":"publish","type":"product","link":"https:\/\/www.3p-gmbh.de\/ar\/produkt\/nirosta-trockenklammer-mit-fuehrungsschere-passend-zu-schmedt-praecoll-lumbeck-faecherklebegeraet\/","title":{"rendered":"Nirosta Trockenklammer mit F\u00fchrungsschere  passend zu Schmedt Pr\u00e4Coll  Lumbeck &#8211; F\u00e4cherklebeger\u00e4t"},"content":{"rendered":"<p>Nirosta Trockenklammer mit F\u00fchrungsschere<br \/>\nBreite 490mm<br \/>\npassend f\u00fcr Schmedt Pr\u00e4Coll Lumbeck &#8211; F\u00e4cherklebeger\u00e4t<\/p>\n","protected":false},"excerpt":{"rendered":"<p>Nirosta Trockenklammer mit F\u00fchrungsschere Breite 490mm passend f\u00fcr Schmedt Pr\u00e4Coll Lumbeck &#8211; F\u00e4cherklebeger\u00e4t<\/p>\n","protected":false},"featured_media":124748,"template":"","meta":[],"product_brand":[],"product_cat":[4056],"product_tag":[],"class_list":{"0":"post-124747","1":"product","2":"type-product","3":"status-publish","4":"has-post-thumbnail","6":"product_cat-buchbinderei","7":"pa_hersteller-nirosta","9":"first","10":"instock","11":"taxable","12":"shipping-taxable","13":"product-type-simple"},"jetpack_sharing_enabled":true,"_links":{"self":[{"href":"https:\/\/www.3p-gmbh.de\/ar\/wp-json\/wp\/v2\/product\/124747","targetHints":{"allow":["GET"]}}],"collection":[{"href":"https:\/\/www.3p-gmbh.de\/ar\/wp-json\/wp\/v2\/product"}],"about":[{"href":"https:\/\/www.3p-gmbh.de\/ar\/wp-json\/wp\/v2\/types\/product"}],"wp:featuredmedia":[{"embeddable":true,"href":"https:\/\/www.3p-gmbh.de\/ar\/wp-json\/wp\/v2\/media\/124748"}],"wp:attachment":[{"href":"https:\/\/www.3p-gmbh.de\/ar\/wp-json\/wp\/v2\/media?parent=124747"}],"wp:term":[{"taxonomy":"product_brand","embeddable":true,"href":"https:\/\/www.3p-gmbh.de\/ar\/wp-json\/wp\/v2\/product_brand?post=124747"},{"taxonomy":"product_cat","embeddable":true,"href":"https:\/\/www.3p-gmbh.de\/ar\/wp-json\/wp\/v2\/product_cat?post=124747"},{"taxonomy":"product_tag","embeddable":true,"href":"https:\/\/www.3p-gmbh.de\/ar\/wp-json\/wp\/v2\/product_tag?post=124747"}],"curies":[{"name":"wp","href":"https:\/\/api.w.org\/{rel}","templated":true}]}}