{"id":124426,"date":"2025-03-20T11:20:53","date_gmt":"2025-03-20T11:20:53","guid":{"rendered":"https:\/\/www.3p-gmbh.de\/?post_type=product&#038;p=124426"},"modified":"2025-03-20T11:20:54","modified_gmt":"2025-03-20T11:20:54","slug":"pneumatische-stangenklammer-signaturenklammer-mueller-martini-mit-demag-kran","status":"publish","type":"product","link":"https:\/\/www.3p-gmbh.de\/ar\/produkt\/pneumatische-stangenklammer-signaturenklammer-mueller-martini-mit-demag-kran\/","title":{"rendered":"pneumatische Stangenklammer &#8211; Signaturenklammer M\u00fcller Martini mit Demag Kran"},"content":{"rendered":"<p><strong>pneumatische Stangenklammer &#8211; Signaturenklammer M\u00fcller Martini mit Demag Kran<\/strong><\/p>\n<p>zwei St\u00fcck verf\u00fcgbar<\/p>\n","protected":false},"excerpt":{"rendered":"<p>pneumatische Stangenklammer &#8211; Signaturenklammer M\u00fcller Martini mit Demag Kran zwei St\u00fcck verf\u00fcgbar<\/p>\n","protected":false},"featured_media":124427,"template":"","meta":[],"product_brand":[],"product_cat":[86],"product_tag":[],"class_list":{"0":"post-124426","1":"product","2":"type-product","3":"status-publish","4":"has-post-thumbnail","6":"product_cat-sammelhefter","8":"first","9":"instock","10":"taxable","11":"shipping-taxable","12":"product-type-simple"},"jetpack_sharing_enabled":true,"_links":{"self":[{"href":"https:\/\/www.3p-gmbh.de\/ar\/wp-json\/wp\/v2\/product\/124426","targetHints":{"allow":["GET"]}}],"collection":[{"href":"https:\/\/www.3p-gmbh.de\/ar\/wp-json\/wp\/v2\/product"}],"about":[{"href":"https:\/\/www.3p-gmbh.de\/ar\/wp-json\/wp\/v2\/types\/product"}],"wp:featuredmedia":[{"embeddable":true,"href":"https:\/\/www.3p-gmbh.de\/ar\/wp-json\/wp\/v2\/media\/124427"}],"wp:attachment":[{"href":"https:\/\/www.3p-gmbh.de\/ar\/wp-json\/wp\/v2\/media?parent=124426"}],"wp:term":[{"taxonomy":"product_brand","embeddable":true,"href":"https:\/\/www.3p-gmbh.de\/ar\/wp-json\/wp\/v2\/product_brand?post=124426"},{"taxonomy":"product_cat","embeddable":true,"href":"https:\/\/www.3p-gmbh.de\/ar\/wp-json\/wp\/v2\/product_cat?post=124426"},{"taxonomy":"product_tag","embeddable":true,"href":"https:\/\/www.3p-gmbh.de\/ar\/wp-json\/wp\/v2\/product_tag?post=124426"}],"curies":[{"name":"wp","href":"https:\/\/api.w.org\/{rel}","templated":true}]}}