{"id":120497,"date":"2024-11-28T09:35:30","date_gmt":"2024-11-28T09:35:30","guid":{"rendered":"https:\/\/www.3p-gmbh.de\/?post_type=product&#038;p=120497"},"modified":"2024-11-28T09:35:30","modified_gmt":"2024-11-28T09:35:30","slug":"cab-etikettenspender-hs-60-mit-bedienfeld-und-display","status":"publish","type":"product","link":"https:\/\/www.3p-gmbh.de\/ar\/produkt\/cab-etikettenspender-hs-60-mit-bedienfeld-und-display\/","title":{"rendered":"cab Etikettenspender HS 60+ mit Bedienfeld und Display"},"content":{"rendered":"<p><span style=\"color: #0000ff;\"><strong>cab Etikettenspender HS 60+\u00a0mit Bedienfeld und Display<\/strong><\/span><\/p>\n<div>f\u00fcr Etikettenvorschub und mit Umroller T-10<br \/>\nGebraucht<\/div>\n<div>\nEtiketten Rollenbreite min.: 8 mm<br \/>\nEtiketten Rollenbreite max.65 mm<br \/>\nEtiketten Rollenau\u00dfen-\u00d8 max.:200 mm<br \/>\nSpenderichtung: Fu\u00df voraus<\/div>\n","protected":false},"excerpt":{"rendered":"<p>cab Etikettenspender HS 60+\u00a0mit Bedienfeld und Display f\u00fcr Etikettenvorschub und mit Umroller T-10 Gebraucht Etiketten Rollenbreite min.: 8 mm Etiketten Rollenbreite max.65 mm Etiketten Rollenau\u00dfen-\u00d8 max.:200 mm Spenderichtung: Fu\u00df voraus<\/p>\n","protected":false},"featured_media":120543,"template":"","meta":[],"product_brand":[],"product_cat":[119],"product_tag":[],"class_list":{"0":"post-120497","1":"product","2":"type-product","3":"status-publish","4":"has-post-thumbnail","6":"product_cat-etikettierer","8":"first","9":"instock","10":"taxable","11":"shipping-taxable","12":"product-type-simple"},"jetpack_sharing_enabled":true,"_links":{"self":[{"href":"https:\/\/www.3p-gmbh.de\/ar\/wp-json\/wp\/v2\/product\/120497","targetHints":{"allow":["GET"]}}],"collection":[{"href":"https:\/\/www.3p-gmbh.de\/ar\/wp-json\/wp\/v2\/product"}],"about":[{"href":"https:\/\/www.3p-gmbh.de\/ar\/wp-json\/wp\/v2\/types\/product"}],"wp:featuredmedia":[{"embeddable":true,"href":"https:\/\/www.3p-gmbh.de\/ar\/wp-json\/wp\/v2\/media\/120543"}],"wp:attachment":[{"href":"https:\/\/www.3p-gmbh.de\/ar\/wp-json\/wp\/v2\/media?parent=120497"}],"wp:term":[{"taxonomy":"product_brand","embeddable":true,"href":"https:\/\/www.3p-gmbh.de\/ar\/wp-json\/wp\/v2\/product_brand?post=120497"},{"taxonomy":"product_cat","embeddable":true,"href":"https:\/\/www.3p-gmbh.de\/ar\/wp-json\/wp\/v2\/product_cat?post=120497"},{"taxonomy":"product_tag","embeddable":true,"href":"https:\/\/www.3p-gmbh.de\/ar\/wp-json\/wp\/v2\/product_tag?post=120497"}],"curies":[{"name":"wp","href":"https:\/\/api.w.org\/{rel}","templated":true}]}}