{"id":111373,"date":"2019-12-10T14:59:14","date_gmt":"2019-12-10T14:59:14","guid":{"rendered":"https:\/\/www.3p-gmbh.de\/produkt\/polar-mohr-%d8%b7%d8%a7%d9%88%d9%84%d8%a9-%d9%86%d9%82%d9%84-%d8%a7%d9%84%d9%87%d9%88%d8%a7%d8%a1-%d8%b4%d8%a8%d9%87-%d9%85%d9%86%d8%ad%d8%b1%d9%81%d8%a9-100-x-98-x-24-x-100-%d8%b3\/"},"modified":"2019-12-10T14:59:14","modified_gmt":"2019-12-10T14:59:14","slug":"polar-mohr-%d8%b7%d8%a7%d9%88%d9%84%d8%a9-%d9%86%d9%82%d9%84-%d8%a7%d9%84%d9%87%d9%88%d8%a7%d8%a1-%d8%b4%d8%a8%d9%87-%d9%85%d9%86%d8%ad%d8%b1%d9%81%d8%a9-100-x-98-x-24-x-100-%d8%b3","status":"publish","type":"product","link":"https:\/\/www.3p-gmbh.de\/ar\/produkt\/polar-mohr-%d8%b7%d8%a7%d9%88%d9%84%d8%a9-%d9%86%d9%82%d9%84-%d8%a7%d9%84%d9%87%d9%88%d8%a7%d8%a1-%d8%b4%d8%a8%d9%87-%d9%85%d9%86%d8%ad%d8%b1%d9%81%d8%a9-100-x-98-x-24-x-100-%d8%b3\/","title":{"rendered":"POLAR Mohr \u0637\u0627\u0648\u0644\u0629 \u0646\u0642\u0644 \u0627\u0644\u0647\u0648\u0627\u0621 \u0634\u0628\u0647 \u0645\u0646\u062d\u0631\u0641\u0629 100 \u00d7 98 \u00d7 24 \u00d7 100 \u0633\u0645"},"content":{"rendered":"<p>\u0645\u0639 2 \u0642\u062f\u0645<\/p>\n","protected":false},"excerpt":{"rendered":"<p>\u0645\u0639 2 \u0642\u062f\u0645<\/p>\n","protected":false},"featured_media":111374,"template":"","meta":[],"product_brand":[],"product_cat":[3176],"product_tag":[],"class_list":{"0":"post-111373","1":"product","2":"type-product","3":"status-publish","4":"has-post-thumbnail","6":"product_cat-3176","7":"pa_hersteller-polar-mohr","8":"pa_typ-luftfoerdertisch","10":"first","11":"instock","12":"taxable","13":"shipping-taxable","14":"purchasable","15":"product-type-simple"},"jetpack_sharing_enabled":true,"_links":{"self":[{"href":"https:\/\/www.3p-gmbh.de\/ar\/wp-json\/wp\/v2\/product\/111373","targetHints":{"allow":["GET"]}}],"collection":[{"href":"https:\/\/www.3p-gmbh.de\/ar\/wp-json\/wp\/v2\/product"}],"about":[{"href":"https:\/\/www.3p-gmbh.de\/ar\/wp-json\/wp\/v2\/types\/product"}],"wp:featuredmedia":[{"embeddable":true,"href":"https:\/\/www.3p-gmbh.de\/ar\/wp-json\/wp\/v2\/media\/111374"}],"wp:attachment":[{"href":"https:\/\/www.3p-gmbh.de\/ar\/wp-json\/wp\/v2\/media?parent=111373"}],"wp:term":[{"taxonomy":"product_brand","embeddable":true,"href":"https:\/\/www.3p-gmbh.de\/ar\/wp-json\/wp\/v2\/product_brand?post=111373"},{"taxonomy":"product_cat","embeddable":true,"href":"https:\/\/www.3p-gmbh.de\/ar\/wp-json\/wp\/v2\/product_cat?post=111373"},{"taxonomy":"product_tag","embeddable":true,"href":"https:\/\/www.3p-gmbh.de\/ar\/wp-json\/wp\/v2\/product_tag?post=111373"}],"curies":[{"name":"wp","href":"https:\/\/api.w.org\/{rel}","templated":true}]}}